{"id":505,"date":"2020-05-11T14:04:11","date_gmt":"2020-05-11T14:04:11","guid":{"rendered":"https:\/\/svchc.org\/espanol\/?page_id=505"},"modified":"2025-05-01T21:08:31","modified_gmt":"2025-05-01T21:08:31","slug":"servicios-de-telesalud","status":"publish","type":"page","link":"https:\/\/svchc.org\/espanol\/servicios\/servicios-de-telesalud\/","title":{"rendered":"Servicios de telesalud"},"content":{"rendered":"\r\n\r\n\r\n<p>\u00a1Usando un dispositivo (tel\u00e9fono o tableta), puede hacer una visita m\u00e9dica desde el confort de su casa!<\/p>\r\n\r\n\r\n\r\n<p>El mantener sus visitas con su proveedor m\u00e9dico con regularidad o ver un proveedor m\u00e9dico cuando\u00a0 tiene un problema medico pueden ser un reto.\u00a0<\/p>\r\n<p>La telesalud<strong>&#8211; <\/strong>visitas m\u00e9dicas con su proveedor medico por medio del video o tel\u00e9fono- han hecho m\u00e1s f\u00e1cil el estar en contacto con su proveedor medico cuando est\u00e1 lejos o cuando se le hace dif\u00edcil llegar a la oficina m\u00e9dica. Esta opci\u00f3n significa que puede obtener la ayuda que necesita en el lugar e instante preciso.\u00a0<b>\u00a1No espere m\u00e1s para agendar una cita! <\/b>\u00a0\u00a0<\/p>\r\n\r\n\r\n\r\n<div class=\"wp-block-image\">\r\n<figure class=\"alignright size-large is-resized\"><img loading=\"lazy\" decoding=\"async\" class=\"wp-image-509\" src=\"https:\/\/svchc.org\/espanol\/wp-content\/uploads\/sites\/3\/2020\/05\/Screen-Shot-2020-05-08-at-12.24.42-PM.png\" alt=\"\" width=\"334\" height=\"280\" srcset=\"https:\/\/svchc.org\/espanol\/wp-content\/uploads\/sites\/3\/2020\/05\/Screen-Shot-2020-05-08-at-12.24.42-PM.png 579w, https:\/\/svchc.org\/espanol\/wp-content\/uploads\/sites\/3\/2020\/05\/Screen-Shot-2020-05-08-at-12.24.42-PM-300x251.png 300w\" sizes=\"auto, (max-width: 334px) 85vw, 334px\" \/><\/figure>\r\n<\/div>\r\n\r\n\r\n\r\n<p>Quiza no se este sintiendo bien, o tenga algunas preocupaciones. Aqu\u00ed est\u00e1n algunas razones del porqu\u00e9 debe agendar su cita\u00a0 de telesalud:<\/p>\r\n\r\n\r\n\r\n<ul class=\"wp-block-list\">\r\n<li>Manejo de Dolor<\/li>\r\n<li>Psiquiatr\u00eda<\/li>\r\n<li>Salud de Comportamiento<\/li>\r\n<li>Tiene condiciones m\u00e9dicas continuas (como el asthma o la diabetes) sobre las cuales tiene que dar seguimiento<\/li>\r\n<li>\u00a0Pediatr\u00eda\r\n<ul>\r\n<li>Revisi\u00f3n de Medicamentos para el Trastorno por D\u00e9ficit de la Atenci\u00f3n con Hiperactividad (TDAH o ADHD por sus siglas en ingles)<\/li>\r\n<\/ul>\r\n<ul>\r\n<li>Salpullido<\/li>\r\n<\/ul>\r\n<ul>\r\n<li>Malestar estomacal\/ Estre\u00f1imiento<\/li>\r\n<\/ul>\r\n<ul>\r\n<li>Dado de alta de hospital \/\u00a0 Sala de Emergencias<\/li>\r\n<\/ul>\r\n<ul>\r\n<li>Seguimiento de Infecci\u00f3n Auditivo\u00a0<\/li>\r\n<\/ul>\r\n<ul>\r\n<li>Seguimiento de Depresi\u00f3n<\/li>\r\n<\/ul>\r\n<ul>\r\n<li>Control de Peso (si tiene b\u00e1scula en casa)<\/li>\r\n<\/ul>\r\n<ul>\r\n<li>\u00cdndice de Masa Corporal (si tiene b\u00e1scula en casa)<\/li>\r\n<\/ul>\r\n<ul>\r\n<li>Dolores de Cabeza<\/li>\r\n<li>Manejo de Recetas M\u00e9dicas\u00a0<\/li>\r\n<\/ul>\r\n<\/li>\r\n<\/ul>\r\n\r\n\r\n\r\n<ul class=\"wp-block-list\">\r\n<li>Medicina Para Adultos\r\n<ul>\r\n<li>Algunos servicios de Obst\u00e9trica y Ginecolog\u00eda<\/li>\r\n<\/ul>\r\n<ul>\r\n<li>Salpullido, alergias<\/li>\r\n<\/ul>\r\n<ul>\r\n<li>Hipertensi\u00f3n controlada o diabetes controlado<\/li>\r\n<\/ul>\r\n<ul>\r\n<li>Diabetes no controlada (si el \u00faltimo examen de HgA1c fue hace menos de 30 d\u00edas)<\/li>\r\n<\/ul>\r\n<ul>\r\n<li>Renovaci\u00f3n de Anticonceptivos (solamente oral, anillo o el parche)<\/li>\r\n<\/ul>\r\n<ul>\r\n<li>Dado de Alta de Hospital\/\u00a0 Sala de Emergencias (la cita no ser\u00eda apropiada para el cuidado de heridas o cat\u00e9ter)<\/li>\r\n<\/ul>\r\n<ul>\r\n<li>Ayuda con uso de sustancias\u00a0<\/li>\r\n<\/ul>\r\n<\/li>\r\n<\/ul>\r\n<p><b>\u00a1Si se est\u00e1 preguntando si deber\u00eda llamar a su proveedor\u00a0m\u00e9dico, no dude en llamar!<\/b>\u00a0<\/p>\r\n\r\n\r\n\r\n<p>Cuando agende sus citas, solo d\u00edgale al operador telef\u00f3nico que desea agendar una visita virtual.<\/p>\r\n<p>A continuaci\u00f3n, hay enlaces para la Gu\u00eda de Inicio R\u00e1pido Para Pacientes. Se trata de la parte t\u00e9cnica de su visita y las listas de verificaci\u00f3n de pacientes adultos y pedi\u00e1tricos para la porci\u00f3n cl\u00ednica.<\/p>\r\n\r\n\r\n\r\n<p><a href=\"https:\/\/svchc.org\/espanol\/wp-content\/uploads\/sites\/3\/2020\/05\/Pediatric-Patient-Chekclist-for-Virtual-Video-Visit-SPANISH.pdf\" target=\"_blank\" rel=\"noopener noreferrer\">Lista de verificaci\u00f3n de visitas pedi\u00e1tricas<\/a><br \/><br \/><a href=\"https:\/\/svchc.org\/espanol\/wp-content\/uploads\/sites\/3\/2020\/05\/Adult-Patient-Checklist-for-Virtual-Video-Visit-SPANISH.pdf\" target=\"_blank\" rel=\"noopener noreferrer\">Lista de verificaci\u00f3n de visitas de adultos<\/a><br \/><br \/><a href=\"https:\/\/svchc.org\/espanol\/wp-content\/uploads\/sites\/3\/2020\/05\/Patient-QSG_v8_OTTO_Patient-Quick-Start-Guide-Spanish.pdf\" target=\"_blank\" rel=\"noopener noreferrer\">Gu\u00eda de inicio del paciente y verificaci\u00f3n del dispositivo<\/a><\/p>\r\n\r\n\r\n\r\n<p>&nbsp;<\/p>\r\n","protected":false},"excerpt":{"rendered":"<p>\u00a1Usando un dispositivo (tel\u00e9fono o tableta), puede hacer una visita m\u00e9dica desde el confort de su casa! El mantener sus visitas con su proveedor m\u00e9dico con regularidad o ver un proveedor m\u00e9dico cuando\u00a0 tiene un problema medico pueden ser un&#8230;<br \/><a class=\"read_more\" href=\"https:\/\/svchc.org\/espanol\/servicios\/servicios-de-telesalud\/\">Read More<\/a><\/p>\n","protected":false},"author":1,"featured_media":0,"parent":180,"menu_order":3,"comment_status":"closed","ping_status":"closed","template":"","meta":{"_acf_changed":false,"footnotes":""},"class_list":["post-505","page","type-page","status-publish","hentry"],"acf":[],"yoast_head":"<!-- This site is optimized with the Yoast SEO plugin v27.4 - https:\/\/yoast.com\/product\/yoast-seo-wordpress\/ -->\n<title>Servicios de telesalud - SVCHC<\/title>\n<meta name=\"robots\" content=\"index, follow, max-snippet:-1, max-image-preview:large, max-video-preview:-1\" \/>\n<link rel=\"canonical\" href=\"https:\/\/svchc.org\/espanol\/servicios\/servicios-de-telesalud\/\" \/>\n<meta property=\"og:locale\" content=\"en_US\" \/>\n<meta property=\"og:type\" content=\"article\" \/>\n<meta property=\"og:title\" content=\"Servicios de telesalud - SVCHC\" \/>\n<meta property=\"og:description\" content=\"\u00a1Usando un dispositivo (tel\u00e9fono o tableta), puede hacer una visita m\u00e9dica desde el confort de su casa! El mantener sus visitas con su proveedor m\u00e9dico con regularidad o ver un proveedor m\u00e9dico cuando\u00a0 tiene un problema medico pueden ser un...Read More\" \/>\n<meta property=\"og:url\" content=\"https:\/\/svchc.org\/espanol\/servicios\/servicios-de-telesalud\/\" \/>\n<meta property=\"og:site_name\" content=\"SVCHC\" \/>\n<meta property=\"article:modified_time\" content=\"2025-05-01T21:08:31+00:00\" \/>\n<meta property=\"og:image\" content=\"https:\/\/svchc.org\/espanol\/wp-content\/uploads\/sites\/3\/2020\/05\/Screen-Shot-2020-05-08-at-12.24.42-PM.png\" \/>\n<meta name=\"twitter:card\" content=\"summary_large_image\" \/>\n<meta name=\"twitter:label1\" content=\"Est. reading time\" \/>\n\t<meta name=\"twitter:data1\" content=\"2 minutes\" \/>\n<script type=\"application\/ld+json\" class=\"yoast-schema-graph\">{\"@context\":\"https:\\\/\\\/schema.org\",\"@graph\":[{\"@type\":\"WebPage\",\"@id\":\"https:\\\/\\\/svchc.org\\\/espanol\\\/servicios\\\/servicios-de-telesalud\\\/\",\"url\":\"https:\\\/\\\/svchc.org\\\/espanol\\\/servicios\\\/servicios-de-telesalud\\\/\",\"name\":\"Servicios de telesalud - SVCHC\",\"isPartOf\":{\"@id\":\"https:\\\/\\\/svchc.org\\\/espanol\\\/#website\"},\"primaryImageOfPage\":{\"@id\":\"https:\\\/\\\/svchc.org\\\/espanol\\\/servicios\\\/servicios-de-telesalud\\\/#primaryimage\"},\"image\":{\"@id\":\"https:\\\/\\\/svchc.org\\\/espanol\\\/servicios\\\/servicios-de-telesalud\\\/#primaryimage\"},\"thumbnailUrl\":\"https:\\\/\\\/svchc.org\\\/espanol\\\/wp-content\\\/uploads\\\/sites\\\/3\\\/2020\\\/05\\\/Screen-Shot-2020-05-08-at-12.24.42-PM.png\",\"datePublished\":\"2020-05-11T14:04:11+00:00\",\"dateModified\":\"2025-05-01T21:08:31+00:00\",\"breadcrumb\":{\"@id\":\"https:\\\/\\\/svchc.org\\\/espanol\\\/servicios\\\/servicios-de-telesalud\\\/#breadcrumb\"},\"inLanguage\":\"en-US\",\"potentialAction\":[{\"@type\":\"ReadAction\",\"target\":[\"https:\\\/\\\/svchc.org\\\/espanol\\\/servicios\\\/servicios-de-telesalud\\\/\"]}]},{\"@type\":\"ImageObject\",\"inLanguage\":\"en-US\",\"@id\":\"https:\\\/\\\/svchc.org\\\/espanol\\\/servicios\\\/servicios-de-telesalud\\\/#primaryimage\",\"url\":\"https:\\\/\\\/svchc.org\\\/espanol\\\/wp-content\\\/uploads\\\/sites\\\/3\\\/2020\\\/05\\\/Screen-Shot-2020-05-08-at-12.24.42-PM.png\",\"contentUrl\":\"https:\\\/\\\/svchc.org\\\/espanol\\\/wp-content\\\/uploads\\\/sites\\\/3\\\/2020\\\/05\\\/Screen-Shot-2020-05-08-at-12.24.42-PM.png\",\"width\":579,\"height\":485},{\"@type\":\"BreadcrumbList\",\"@id\":\"https:\\\/\\\/svchc.org\\\/espanol\\\/servicios\\\/servicios-de-telesalud\\\/#breadcrumb\",\"itemListElement\":[{\"@type\":\"ListItem\",\"position\":1,\"name\":\"Home\",\"item\":\"https:\\\/\\\/svchc.org\\\/espanol\\\/\"},{\"@type\":\"ListItem\",\"position\":2,\"name\":\"Nuestros Servicios\",\"item\":\"https:\\\/\\\/svchc.org\\\/espanol\\\/servicios\\\/\"},{\"@type\":\"ListItem\",\"position\":3,\"name\":\"Servicios de telesalud\"}]},{\"@type\":\"WebSite\",\"@id\":\"https:\\\/\\\/svchc.org\\\/espanol\\\/#website\",\"url\":\"https:\\\/\\\/svchc.org\\\/espanol\\\/\",\"name\":\"SVCHC\",\"description\":\"\",\"potentialAction\":[{\"@type\":\"SearchAction\",\"target\":{\"@type\":\"EntryPoint\",\"urlTemplate\":\"https:\\\/\\\/svchc.org\\\/espanol\\\/?s={search_term_string}\"},\"query-input\":{\"@type\":\"PropertyValueSpecification\",\"valueRequired\":true,\"valueName\":\"search_term_string\"}}],\"inLanguage\":\"en-US\"}]}<\/script>\n<!-- \/ Yoast SEO plugin. -->","yoast_head_json":{"title":"Servicios de telesalud - SVCHC","robots":{"index":"index","follow":"follow","max-snippet":"max-snippet:-1","max-image-preview":"max-image-preview:large","max-video-preview":"max-video-preview:-1"},"canonical":"https:\/\/svchc.org\/espanol\/servicios\/servicios-de-telesalud\/","og_locale":"en_US","og_type":"article","og_title":"Servicios de telesalud - SVCHC","og_description":"\u00a1Usando un dispositivo (tel\u00e9fono o tableta), puede hacer una visita m\u00e9dica desde el confort de su casa! El mantener sus visitas con su proveedor m\u00e9dico con regularidad o ver un proveedor m\u00e9dico cuando\u00a0 tiene un problema medico pueden ser un...Read More","og_url":"https:\/\/svchc.org\/espanol\/servicios\/servicios-de-telesalud\/","og_site_name":"SVCHC","article_modified_time":"2025-05-01T21:08:31+00:00","og_image":[{"url":"https:\/\/svchc.org\/espanol\/wp-content\/uploads\/sites\/3\/2020\/05\/Screen-Shot-2020-05-08-at-12.24.42-PM.png","type":"","width":"","height":""}],"twitter_card":"summary_large_image","twitter_misc":{"Est. reading time":"2 minutes"},"schema":{"@context":"https:\/\/schema.org","@graph":[{"@type":"WebPage","@id":"https:\/\/svchc.org\/espanol\/servicios\/servicios-de-telesalud\/","url":"https:\/\/svchc.org\/espanol\/servicios\/servicios-de-telesalud\/","name":"Servicios de telesalud - SVCHC","isPartOf":{"@id":"https:\/\/svchc.org\/espanol\/#website"},"primaryImageOfPage":{"@id":"https:\/\/svchc.org\/espanol\/servicios\/servicios-de-telesalud\/#primaryimage"},"image":{"@id":"https:\/\/svchc.org\/espanol\/servicios\/servicios-de-telesalud\/#primaryimage"},"thumbnailUrl":"https:\/\/svchc.org\/espanol\/wp-content\/uploads\/sites\/3\/2020\/05\/Screen-Shot-2020-05-08-at-12.24.42-PM.png","datePublished":"2020-05-11T14:04:11+00:00","dateModified":"2025-05-01T21:08:31+00:00","breadcrumb":{"@id":"https:\/\/svchc.org\/espanol\/servicios\/servicios-de-telesalud\/#breadcrumb"},"inLanguage":"en-US","potentialAction":[{"@type":"ReadAction","target":["https:\/\/svchc.org\/espanol\/servicios\/servicios-de-telesalud\/"]}]},{"@type":"ImageObject","inLanguage":"en-US","@id":"https:\/\/svchc.org\/espanol\/servicios\/servicios-de-telesalud\/#primaryimage","url":"https:\/\/svchc.org\/espanol\/wp-content\/uploads\/sites\/3\/2020\/05\/Screen-Shot-2020-05-08-at-12.24.42-PM.png","contentUrl":"https:\/\/svchc.org\/espanol\/wp-content\/uploads\/sites\/3\/2020\/05\/Screen-Shot-2020-05-08-at-12.24.42-PM.png","width":579,"height":485},{"@type":"BreadcrumbList","@id":"https:\/\/svchc.org\/espanol\/servicios\/servicios-de-telesalud\/#breadcrumb","itemListElement":[{"@type":"ListItem","position":1,"name":"Home","item":"https:\/\/svchc.org\/espanol\/"},{"@type":"ListItem","position":2,"name":"Nuestros Servicios","item":"https:\/\/svchc.org\/espanol\/servicios\/"},{"@type":"ListItem","position":3,"name":"Servicios de telesalud"}]},{"@type":"WebSite","@id":"https:\/\/svchc.org\/espanol\/#website","url":"https:\/\/svchc.org\/espanol\/","name":"SVCHC","description":"","potentialAction":[{"@type":"SearchAction","target":{"@type":"EntryPoint","urlTemplate":"https:\/\/svchc.org\/espanol\/?s={search_term_string}"},"query-input":{"@type":"PropertyValueSpecification","valueRequired":true,"valueName":"search_term_string"}}],"inLanguage":"en-US"}]}},"_links":{"self":[{"href":"https:\/\/svchc.org\/espanol\/wp-json\/wp\/v2\/pages\/505","targetHints":{"allow":["GET"]}}],"collection":[{"href":"https:\/\/svchc.org\/espanol\/wp-json\/wp\/v2\/pages"}],"about":[{"href":"https:\/\/svchc.org\/espanol\/wp-json\/wp\/v2\/types\/page"}],"author":[{"embeddable":true,"href":"https:\/\/svchc.org\/espanol\/wp-json\/wp\/v2\/users\/1"}],"replies":[{"embeddable":true,"href":"https:\/\/svchc.org\/espanol\/wp-json\/wp\/v2\/comments?post=505"}],"version-history":[{"count":14,"href":"https:\/\/svchc.org\/espanol\/wp-json\/wp\/v2\/pages\/505\/revisions"}],"predecessor-version":[{"id":1381,"href":"https:\/\/svchc.org\/espanol\/wp-json\/wp\/v2\/pages\/505\/revisions\/1381"}],"up":[{"embeddable":true,"href":"https:\/\/svchc.org\/espanol\/wp-json\/wp\/v2\/pages\/180"}],"wp:attachment":[{"href":"https:\/\/svchc.org\/espanol\/wp-json\/wp\/v2\/media?parent=505"}],"curies":[{"name":"wp","href":"https:\/\/api.w.org\/{rel}","templated":true}]}}