{"id":204,"date":"2019-07-09T17:04:40","date_gmt":"2019-07-09T17:04:40","guid":{"rendered":"http:\/\/svchc.abisites.com\/espanol\/?page_id=204"},"modified":"2025-05-22T18:44:10","modified_gmt":"2025-05-22T18:44:10","slug":"voluntario","status":"publish","type":"page","link":"https:\/\/svchc.org\/espanol\/about\/voluntario\/","title":{"rendered":"Voluntarios"},"content":{"rendered":"\r\n<h2 style=\"text-align: center;\"><span style=\"color: #333300;\">Oportunidades de Voluntariado<\/span><\/h2>\r\n<p>Gracias por su inter\u00e9s en ser voluntario en el SVCHC. Las oportunidades de voluntariado van desde distribuciones de alimentos hasta eventos especiales como ferias de salud y otros eventos de alcance comunitario. A continuaci\u00f3n, puede ver las oportunidades actuales de voluntariado para los pr\u00f3ximos eventos. <strong>Cualquier pregunta, no dude en contactarnos al 707.939.6070 #198 o env\u00ede un correo electr\u00f3nico a <a href=\"mailto:volunteer@svchc.org\">volunteer@svchc.org<\/a>.<\/strong><\/p>\r\n<p>&nbsp;<\/p>\r\n<p>&nbsp;<\/p>\r\n\r\n\r\n<script>\nvar gform;gform||(document.addEventListener(\"gform_main_scripts_loaded\",function(){gform.scriptsLoaded=!0}),document.addEventListener(\"gform\/theme\/scripts_loaded\",function(){gform.themeScriptsLoaded=!0}),window.addEventListener(\"DOMContentLoaded\",function(){gform.domLoaded=!0}),gform={domLoaded:!1,scriptsLoaded:!1,themeScriptsLoaded:!1,isFormEditor:()=>\"function\"==typeof InitializeEditor,callIfLoaded:function(o){return!(!gform.domLoaded||!gform.scriptsLoaded||!gform.themeScriptsLoaded&&!gform.isFormEditor()||(gform.isFormEditor()&&console.warn(\"The use of gform.initializeOnLoaded() is deprecated in the form editor context and will be removed in Gravity Forms 3.1.\"),o(),0))},initializeOnLoaded:function(o){gform.callIfLoaded(o)||(document.addEventListener(\"gform_main_scripts_loaded\",()=>{gform.scriptsLoaded=!0,gform.callIfLoaded(o)}),document.addEventListener(\"gform\/theme\/scripts_loaded\",()=>{gform.themeScriptsLoaded=!0,gform.callIfLoaded(o)}),window.addEventListener(\"DOMContentLoaded\",()=>{gform.domLoaded=!0,gform.callIfLoaded(o)}))},hooks:{action:{},filter:{}},addAction:function(o,r,e,t){gform.addHook(\"action\",o,r,e,t)},addFilter:function(o,r,e,t){gform.addHook(\"filter\",o,r,e,t)},doAction:function(o){gform.doHook(\"action\",o,arguments)},applyFilters:function(o){return gform.doHook(\"filter\",o,arguments)},removeAction:function(o,r){gform.removeHook(\"action\",o,r)},removeFilter:function(o,r,e){gform.removeHook(\"filter\",o,r,e)},addHook:function(o,r,e,t,n){null==gform.hooks[o][r]&&(gform.hooks[o][r]=[]);var d=gform.hooks[o][r];null==n&&(n=r+\"_\"+d.length),gform.hooks[o][r].push({tag:n,callable:e,priority:t=null==t?10:t})},doHook:function(r,o,e){var t;if(e=Array.prototype.slice.call(e,1),null!=gform.hooks[r][o]&&((o=gform.hooks[r][o]).sort(function(o,r){return o.priority-r.priority}),o.forEach(function(o){\"function\"!=typeof(t=o.callable)&&(t=window[t]),\"action\"==r?t.apply(null,e):e[0]=t.apply(null,e)})),\"filter\"==r)return e[0]},removeHook:function(o,r,t,n){var e;null!=gform.hooks[o][r]&&(e=(e=gform.hooks[o][r]).filter(function(o,r,e){return!!(null!=n&&n!=o.tag||null!=t&&t!=o.priority)}),gform.hooks[o][r]=e)}});\n<\/script>\n\n                <div class='gf_browser_gecko gform_wrapper gform_legacy_markup_wrapper gform-theme--no-framework' data-form-theme='legacy' data-form-index='0' id='gform_wrapper_5' >\n                        <div class='gform_heading'>\n                            <h3 class=\"gform_title\">Formulario para ser voluntario\/a<\/h3>\n                            <p class='gform_description'><\/p>\n                        <\/div><form method='post' enctype='multipart\/form-data'  id='gform_5'  action='\/espanol\/wp-json\/wp\/v2\/pages\/204' data-formid='5' novalidate>\n                        <div class='gform-body gform_body'><ul id='gform_fields_5' class='gform_fields top_label form_sublabel_below description_below validation_below'><li id=\"field_5_1\" class=\"gfield gfield--type-text gfield--input-type-text field_sublabel_below gfield--no-description field_description_below field_validation_below gfield_visibility_visible\"  ><label class='gfield_label gform-field-label' for='input_5_1'>Nombre<\/label><div class='ginput_container ginput_container_text'><input name='input_1' id='input_5_1' type='text' value='' class='medium'      aria-invalid=\"false\"   \/><\/div><\/li><li id=\"field_5_2\" class=\"gfield gfield--type-text gfield--input-type-text field_sublabel_below gfield--no-description field_description_below field_validation_below gfield_visibility_visible\"  ><label class='gfield_label gform-field-label' for='input_5_2'>Numero de Tel\u00e9fono<\/label><div class='ginput_container ginput_container_text'><input name='input_2' id='input_5_2' type='text' value='' class='medium'      aria-invalid=\"false\"   \/><\/div><\/li><li id=\"field_5_3\" class=\"gfield gfield--type-text gfield--input-type-text field_sublabel_below gfield--no-description field_description_below field_validation_below gfield_visibility_visible\"  ><label class='gfield_label gform-field-label' for='input_5_3'>Correo Electronico<\/label><div class='ginput_container ginput_container_text'><input name='input_3' id='input_5_3' type='text' value='' class='medium'      aria-invalid=\"false\"   \/><\/div><\/li><li id=\"field_5_6\" class=\"gfield gfield--type-select gfield--input-type-select gfield--width-full field_sublabel_below gfield--no-description field_description_below field_validation_below gfield_visibility_visible\"  ><label class='gfield_label gform-field-label' for='input_5_6'>\u00bfPara que actividad le gustaria ser voluntario?<\/label><div class='ginput_container ginput_container_select'><select name='input_6' id='input_5_6' class='medium gfield_select'     aria-invalid=\"false\" ><option value='Distribucion de Comida (1er viernes del mes)' >Distribucion de Comida (1er viernes del mes)<\/option><option value='Distribucion de Comida (3er viernes del mes)' >Distribucion de Comida (3er viernes del mes)<\/option><option value='Feria de Preparaci\u00f3n de Emergencia (17 de abril, 2025)' >Feria de Preparaci\u00f3n de Emergencia (17 de abril, 2025)<\/option><option value='Feria de Salud Regreso a Clases ( en agosto)' >Feria de Salud Regreso a Clases ( en agosto)<\/option><\/select><\/div><\/li><li id=\"field_5_4\" class=\"gfield gfield--type-radio gfield--type-choice gfield--input-type-radio field_sublabel_below gfield--no-description field_description_below field_validation_below gfield_visibility_visible\"  ><label class='gfield_label gform-field-label' >Si escogio distribucion de comida \u00bfQue horario prefiere?<\/label><div class='ginput_container ginput_container_radio'><ul class='gfield_radio' id='input_5_4'>\n\t\t\t<li class='gchoice gchoice_5_4_0'>\n\t\t\t\t<input name='input_4' type='radio' value='7:30am-8:45am'  id='choice_5_4_0'    \/>\n\t\t\t\t<label for='choice_5_4_0' id='label_5_4_0' class='gform-field-label gform-field-label--type-inline'>7:30am-8:45am<\/label>\n\t\t\t<\/li>\n\t\t\t<li class='gchoice gchoice_5_4_1'>\n\t\t\t\t<input name='input_4' type='radio' value='8:15am-9:30am'  id='choice_5_4_1'    \/>\n\t\t\t\t<label for='choice_5_4_1' id='label_5_4_1' class='gform-field-label gform-field-label--type-inline'>8:15am-9:30am<\/label>\n\t\t\t<\/li><\/ul><\/div><\/li><li id=\"field_5_7\" class=\"gfield gfield--type-radio gfield--type-choice gfield--input-type-radio gfield--width-full field_sublabel_below gfield--no-description field_description_below field_validation_below gfield_visibility_visible\"  ><label class='gfield_label gform-field-label' >Si est\u00e1 interesado en la Feria de Preparaci\u00f3n para Emergencias, reg\u00edstrese en el bot\u00f3n a continuaci\u00f3n.<\/label><div class='ginput_container ginput_container_radio'><ul class='gfield_radio' id='input_5_7'>\n\t\t\t<li class='gchoice gchoice_5_7_0'>\n\t\t\t\t<input name='input_7' type='radio' value='Feria de Preparaci\u00f3n de Emergencia - 17 de abril, 2025'  id='choice_5_7_0'    \/>\n\t\t\t\t<label for='choice_5_7_0' id='label_5_7_0' class='gform-field-label gform-field-label--type-inline'>Feria de Preparaci\u00f3n de Emergencia &#8211; 17 de abril, 2025<\/label>\n\t\t\t<\/li><\/ul><\/div><\/li><li id=\"field_5_8\" class=\"gfield gfield--type-html gfield--input-type-html gfield_html gfield_html_formatted gfield_no_follows_desc field_sublabel_below gfield--no-description field_description_below field_validation_below gfield_visibility_visible\"  ><p style=\"margin-top: 10px;\"><a class=\"btn_class\" href=\"https:\/\/www.signupgenius.com\/go\/8050F4DA4AC2DA0F49-55814500-emergency#\/\" target=\"_blank\" rel=\"noopener noreferrer\">FERIA DE PREPARACION DE EMERGENCIA 2025<\/a><\/p><\/li><li id=\"field_5_9\" class=\"gfield gfield--type-text gfield--input-type-text field_sublabel_below gfield--has-description field_description_below field_validation_below gfield_visibility_visible\"  ><label class='gfield_label gform-field-label' for='input_5_9'>\u00bfPreguntas? \/ Otras Oportunidades de Voluntariado<\/label><div class='ginput_container ginput_container_text'><input name='input_9' id='input_5_9' type='text' value='' class='large'  aria-describedby=\"gfield_description_5_9\"    aria-invalid=\"false\"   \/><\/div><div class='gfield_description' id='gfield_description_5_9'>Si tienes alguna pregunta o est\u00e1s interesado en otras oportunidades de voluntariado, no dudes en comentar en esta secci\u00f3n o enviarnos un correo electr\u00f3nico a volunteer@svchc.org.<\/div><\/li><\/ul><\/div>\n        <div class='gform-footer gform_footer top_label'> <input type='submit' id='gform_submit_button_5' class='gform_button button' onclick='gform.submission.handleButtonClick(this);' data-submission-type='submit' value='Enviar'  \/> \n            <input type='hidden' class='gform_hidden' name='gform_submission_method' data-js='gform_submission_method_5' value='postback' \/>\n            <input type='hidden' class='gform_hidden' name='gform_theme' data-js='gform_theme_5' id='gform_theme_5' value='legacy' \/>\n            <input type='hidden' class='gform_hidden' name='gform_style_settings' data-js='gform_style_settings_5' id='gform_style_settings_5' value='[]' \/>\n            <input type='hidden' class='gform_hidden' name='is_submit_5' value='1' \/>\n            <input type='hidden' class='gform_hidden' name='gform_submit' value='5' \/>\n            \n            <input type='hidden' class='gform_hidden' name='gform_currency' data-currency='USD' value='ZY4SINLyWTbraGf2cSiN\/p5yob3q4c938zOCP3KsHz3HjcRCAVnFCtEAAVYs3WlO322VMLXEgnrxh35oioHcNVmMF58uu1SDOg445ruwDNu\/igI=' \/>\n            <input type='hidden' class='gform_hidden' name='gform_unique_id' value='' \/>\n            <input type='hidden' class='gform_hidden' name='state_5' value='WyJbXSIsIjExMWIwOTY2ZDE5OTkxNGM1NmJjN2Y1MDA4ZWFlOGZjIl0=' \/>\n            <input type='hidden' autocomplete='off' class='gform_hidden' name='gform_target_page_number_5' id='gform_target_page_number_5' value='0' \/>\n            <input type='hidden' autocomplete='off' class='gform_hidden' name='gform_source_page_number_5' id='gform_source_page_number_5' value='1' \/>\n            <input type='hidden' name='gform_field_values' value='' \/>\n            \n        <\/div>\n                        <\/form>\n                        <\/div><script>\ngform.initializeOnLoaded( function() {gformInitSpinner( 5, 'https:\/\/svchc.org\/espanol\/wp-content\/plugins\/gravityforms\/images\/spinner.svg', true );jQuery('#gform_ajax_frame_5').on('load',function(){var contents = jQuery(this).contents().find('*').html();var is_postback = contents.indexOf('GF_AJAX_POSTBACK') >= 0;if(!is_postback){return;}var form_content = jQuery(this).contents().find('#gform_wrapper_5');var is_confirmation = jQuery(this).contents().find('#gform_confirmation_wrapper_5').length > 0;var is_redirect = contents.indexOf('gformRedirect(){') >= 0;var is_form = form_content.length > 0 && ! is_redirect && ! is_confirmation;var mt = parseInt(jQuery('html').css('margin-top'), 10) + parseInt(jQuery('body').css('margin-top'), 10) + 100;if(is_form){jQuery('#gform_wrapper_5').html(form_content.html());if(form_content.hasClass('gform_validation_error')){jQuery('#gform_wrapper_5').addClass('gform_validation_error');} else {jQuery('#gform_wrapper_5').removeClass('gform_validation_error');}setTimeout( function() { \/* delay the scroll by 50 milliseconds to fix a bug in chrome *\/  }, 50 );if(window['gformInitDatepicker']) {gformInitDatepicker();}if(window['gformInitPriceFields']) {gformInitPriceFields();}var current_page = jQuery('#gform_source_page_number_5').val();gformInitSpinner( 5, 'https:\/\/svchc.org\/espanol\/wp-content\/plugins\/gravityforms\/images\/spinner.svg', true );jQuery(document).trigger('gform_page_loaded', [5, current_page]);window['gf_submitting_5'] = false;}else if(!is_redirect){var confirmation_content = jQuery(this).contents().find('.GF_AJAX_POSTBACK').html();if(!confirmation_content){confirmation_content = contents;}jQuery('#gform_wrapper_5').replaceWith(confirmation_content);jQuery(document).trigger('gform_confirmation_loaded', [5]);window['gf_submitting_5'] = false;wp.a11y.speak(jQuery('#gform_confirmation_message_5').text());}else{jQuery('#gform_5').append(contents);if(window['gformRedirect']) {gformRedirect();}}jQuery(document).trigger(\"gform_pre_post_render\", [{ formId: \"5\", currentPage: \"current_page\", abort: function() { this.preventDefault(); } }]);        if (event && event.defaultPrevented) {                return;        }        const gformWrapperDiv = document.getElementById( \"gform_wrapper_5\" );        if ( gformWrapperDiv ) {            const visibilitySpan = document.createElement( \"span\" );            visibilitySpan.id = \"gform_visibility_test_5\";            gformWrapperDiv.insertAdjacentElement( \"afterend\", visibilitySpan );        }        const visibilityTestDiv = document.getElementById( \"gform_visibility_test_5\" );        let postRenderFired = false;        function triggerPostRender() {            if ( postRenderFired ) {                return;            }            postRenderFired = true;            gform.core.triggerPostRenderEvents( 5, current_page );            if ( visibilityTestDiv ) {                visibilityTestDiv.parentNode.removeChild( visibilityTestDiv );            }        }        function debounce( func, wait, immediate ) {            var timeout;            return function() {                var context = this, args = arguments;                var later = function() {                    timeout = null;                    if ( !immediate ) func.apply( context, args );                };                var callNow = immediate && !timeout;                clearTimeout( timeout );                timeout = setTimeout( later, wait );                if ( callNow ) func.apply( context, args );            };        }        const debouncedTriggerPostRender = debounce( function() {            triggerPostRender();        }, 200 );        if ( visibilityTestDiv && visibilityTestDiv.offsetParent === null ) {            const observer = new MutationObserver( ( mutations ) => {                mutations.forEach( ( mutation ) => {                    if ( mutation.type === 'attributes' && visibilityTestDiv.offsetParent !== null ) {                        debouncedTriggerPostRender();                        observer.disconnect();                    }                });            });            observer.observe( document.body, {                attributes: true,                childList: false,                subtree: true,                attributeFilter: [ 'style', 'class' ],            });        } else {            triggerPostRender();        }    } );} );\n<\/script>\n\r\n<p>&nbsp;<\/p>\r\n<p>&nbsp;<\/p>","protected":false},"excerpt":{"rendered":"<p>Oportunidades de Voluntariado Gracias por su inter\u00e9s en ser voluntario en el SVCHC. Las oportunidades de voluntariado van desde distribuciones de alimentos hasta eventos especiales como ferias de salud y otros eventos de alcance comunitario. A continuaci\u00f3n, puede ver las&#8230;<br \/><a class=\"read_more\" href=\"https:\/\/svchc.org\/espanol\/about\/voluntario\/\">Read More<\/a><\/p>\n","protected":false},"author":1,"featured_media":0,"parent":187,"menu_order":0,"comment_status":"closed","ping_status":"closed","template":"","meta":{"_acf_changed":false,"footnotes":""},"class_list":["post-204","page","type-page","status-publish","hentry"],"acf":[],"yoast_head":"<!-- This site is optimized with the Yoast SEO plugin v27.4 - https:\/\/yoast.com\/product\/yoast-seo-wordpress\/ -->\n<title>Voluntarios - SVCHC<\/title>\n<meta name=\"robots\" content=\"index, follow, max-snippet:-1, max-image-preview:large, max-video-preview:-1\" \/>\n<link rel=\"canonical\" href=\"https:\/\/svchc.org\/espanol\/about\/voluntario\/\" \/>\n<meta property=\"og:locale\" content=\"en_US\" \/>\n<meta property=\"og:type\" content=\"article\" \/>\n<meta property=\"og:title\" content=\"Voluntarios - SVCHC\" \/>\n<meta property=\"og:description\" content=\"Oportunidades de Voluntariado Gracias por su inter\u00e9s en ser voluntario en el SVCHC. Las oportunidades de voluntariado van desde distribuciones de alimentos hasta eventos especiales como ferias de salud y otros eventos de alcance comunitario. A continuaci\u00f3n, puede ver las...Read More\" \/>\n<meta property=\"og:url\" content=\"https:\/\/svchc.org\/espanol\/about\/voluntario\/\" \/>\n<meta property=\"og:site_name\" content=\"SVCHC\" \/>\n<meta property=\"article:modified_time\" content=\"2025-05-22T18:44:10+00:00\" \/>\n<meta name=\"twitter:card\" content=\"summary_large_image\" \/>\n<meta name=\"twitter:label1\" content=\"Est. reading time\" \/>\n\t<meta name=\"twitter:data1\" content=\"1 minute\" \/>\n<script type=\"application\/ld+json\" class=\"yoast-schema-graph\">{\"@context\":\"https:\\\/\\\/schema.org\",\"@graph\":[{\"@type\":\"WebPage\",\"@id\":\"https:\\\/\\\/svchc.org\\\/espanol\\\/about\\\/voluntario\\\/\",\"url\":\"https:\\\/\\\/svchc.org\\\/espanol\\\/about\\\/voluntario\\\/\",\"name\":\"Voluntarios - SVCHC\",\"isPartOf\":{\"@id\":\"https:\\\/\\\/svchc.org\\\/espanol\\\/#website\"},\"datePublished\":\"2019-07-09T17:04:40+00:00\",\"dateModified\":\"2025-05-22T18:44:10+00:00\",\"breadcrumb\":{\"@id\":\"https:\\\/\\\/svchc.org\\\/espanol\\\/about\\\/voluntario\\\/#breadcrumb\"},\"inLanguage\":\"en-US\",\"potentialAction\":[{\"@type\":\"ReadAction\",\"target\":[\"https:\\\/\\\/svchc.org\\\/espanol\\\/about\\\/voluntario\\\/\"]}]},{\"@type\":\"BreadcrumbList\",\"@id\":\"https:\\\/\\\/svchc.org\\\/espanol\\\/about\\\/voluntario\\\/#breadcrumb\",\"itemListElement\":[{\"@type\":\"ListItem\",\"position\":1,\"name\":\"Home\",\"item\":\"https:\\\/\\\/svchc.org\\\/espanol\\\/\"},{\"@type\":\"ListItem\",\"position\":2,\"name\":\"Sobre Nosotros\",\"item\":\"https:\\\/\\\/svchc.org\\\/espanol\\\/about\\\/\"},{\"@type\":\"ListItem\",\"position\":3,\"name\":\"Voluntarios\"}]},{\"@type\":\"WebSite\",\"@id\":\"https:\\\/\\\/svchc.org\\\/espanol\\\/#website\",\"url\":\"https:\\\/\\\/svchc.org\\\/espanol\\\/\",\"name\":\"SVCHC\",\"description\":\"\",\"potentialAction\":[{\"@type\":\"SearchAction\",\"target\":{\"@type\":\"EntryPoint\",\"urlTemplate\":\"https:\\\/\\\/svchc.org\\\/espanol\\\/?s={search_term_string}\"},\"query-input\":{\"@type\":\"PropertyValueSpecification\",\"valueRequired\":true,\"valueName\":\"search_term_string\"}}],\"inLanguage\":\"en-US\"}]}<\/script>\n<!-- \/ Yoast SEO plugin. -->","yoast_head_json":{"title":"Voluntarios - SVCHC","robots":{"index":"index","follow":"follow","max-snippet":"max-snippet:-1","max-image-preview":"max-image-preview:large","max-video-preview":"max-video-preview:-1"},"canonical":"https:\/\/svchc.org\/espanol\/about\/voluntario\/","og_locale":"en_US","og_type":"article","og_title":"Voluntarios - SVCHC","og_description":"Oportunidades de Voluntariado Gracias por su inter\u00e9s en ser voluntario en el SVCHC. Las oportunidades de voluntariado van desde distribuciones de alimentos hasta eventos especiales como ferias de salud y otros eventos de alcance comunitario. A continuaci\u00f3n, puede ver las...Read More","og_url":"https:\/\/svchc.org\/espanol\/about\/voluntario\/","og_site_name":"SVCHC","article_modified_time":"2025-05-22T18:44:10+00:00","twitter_card":"summary_large_image","twitter_misc":{"Est. reading time":"1 minute"},"schema":{"@context":"https:\/\/schema.org","@graph":[{"@type":"WebPage","@id":"https:\/\/svchc.org\/espanol\/about\/voluntario\/","url":"https:\/\/svchc.org\/espanol\/about\/voluntario\/","name":"Voluntarios - SVCHC","isPartOf":{"@id":"https:\/\/svchc.org\/espanol\/#website"},"datePublished":"2019-07-09T17:04:40+00:00","dateModified":"2025-05-22T18:44:10+00:00","breadcrumb":{"@id":"https:\/\/svchc.org\/espanol\/about\/voluntario\/#breadcrumb"},"inLanguage":"en-US","potentialAction":[{"@type":"ReadAction","target":["https:\/\/svchc.org\/espanol\/about\/voluntario\/"]}]},{"@type":"BreadcrumbList","@id":"https:\/\/svchc.org\/espanol\/about\/voluntario\/#breadcrumb","itemListElement":[{"@type":"ListItem","position":1,"name":"Home","item":"https:\/\/svchc.org\/espanol\/"},{"@type":"ListItem","position":2,"name":"Sobre Nosotros","item":"https:\/\/svchc.org\/espanol\/about\/"},{"@type":"ListItem","position":3,"name":"Voluntarios"}]},{"@type":"WebSite","@id":"https:\/\/svchc.org\/espanol\/#website","url":"https:\/\/svchc.org\/espanol\/","name":"SVCHC","description":"","potentialAction":[{"@type":"SearchAction","target":{"@type":"EntryPoint","urlTemplate":"https:\/\/svchc.org\/espanol\/?s={search_term_string}"},"query-input":{"@type":"PropertyValueSpecification","valueRequired":true,"valueName":"search_term_string"}}],"inLanguage":"en-US"}]}},"_links":{"self":[{"href":"https:\/\/svchc.org\/espanol\/wp-json\/wp\/v2\/pages\/204","targetHints":{"allow":["GET"]}}],"collection":[{"href":"https:\/\/svchc.org\/espanol\/wp-json\/wp\/v2\/pages"}],"about":[{"href":"https:\/\/svchc.org\/espanol\/wp-json\/wp\/v2\/types\/page"}],"author":[{"embeddable":true,"href":"https:\/\/svchc.org\/espanol\/wp-json\/wp\/v2\/users\/1"}],"replies":[{"embeddable":true,"href":"https:\/\/svchc.org\/espanol\/wp-json\/wp\/v2\/comments?post=204"}],"version-history":[{"count":24,"href":"https:\/\/svchc.org\/espanol\/wp-json\/wp\/v2\/pages\/204\/revisions"}],"predecessor-version":[{"id":2103,"href":"https:\/\/svchc.org\/espanol\/wp-json\/wp\/v2\/pages\/204\/revisions\/2103"}],"up":[{"embeddable":true,"href":"https:\/\/svchc.org\/espanol\/wp-json\/wp\/v2\/pages\/187"}],"wp:attachment":[{"href":"https:\/\/svchc.org\/espanol\/wp-json\/wp\/v2\/media?parent=204"}],"curies":[{"name":"wp","href":"https:\/\/api.w.org\/{rel}","templated":true}]}}