{"id":198,"date":"2019-07-09T17:01:58","date_gmt":"2019-07-09T17:01:58","guid":{"rendered":"http:\/\/svchc.abisites.com\/espanol\/?page_id=198"},"modified":"2025-04-24T21:20:43","modified_gmt":"2025-04-24T21:20:43","slug":"appointments-payments","status":"publish","type":"page","link":"https:\/\/svchc.org\/espanol\/contact\/appointments-payments\/","title":{"rendered":"Citas y Pagos"},"content":{"rendered":"\r\n<h2 class=\"wp-block-heading\"><strong>HAGA UNA CITA<\/strong><\/h2>\r\n\r\n\r\n\r\n<h3 class=\"wp-block-heading\"><strong>Citas<\/strong><\/h3>\r\n\r\n\r\n\r\n<p>Por favor ll\u00e1menos al 707.939.6070 si necesita hacer una cita, cambiar la fecha de una cita, o cancelar una cita cl\u00ednica o dental. Si nuestros operadores de tel\u00e9fono est\u00e1n ocupados asistiendo a otras personas, por favor d\u00e9jenos un mensaje que incluya su nombre y n\u00famero de tel\u00e9fono. Un operador de tel\u00e9fono le devolver\u00e1 la llamada prontamente. Las llamadas que se hagan despu\u00e9s de horas de operaci\u00f3n se devolver\u00e1n dentro del siguiente d\u00eda laboral. Por favor llegue 10-15 minutos antes del tiempo de su cita. Formularios de registraci\u00f3n se pueden recoger en persona o imprimir con anticipaci\u00f3n.\u00a0<\/p>\r\n\r\n\r\n\r\n<p>Otra manera de hacer una cita es mediante el portal del paciente. Su cuenta de portal de paciente debe ser activada antes de que pueda este implemento. El portal de paciente solo se deber\u00eda usar para hacer citas rutinarias una semana o m\u00e1s en el futuro.\u00a0<\/p>\r\n\r\n\r\n\r\n<h3 class=\"wp-block-heading\"><strong>Citas del Mismo D\u00eda<\/strong><\/h3>\r\n\r\n\r\n\r\n<p>Nosotros hacemos al lado tiempo para citas urgentes o de mismo d\u00eda. Una vez que estas citas se hayan acabado usted puede elegir si desea esperar en el local hasta que una se haga disponible si alguien cancela o no llega a su cita.<\/p>\r\n\r\n\r\n\r\n<h3 class=\"wp-block-heading\"><strong>Cancelaciones<\/strong><\/h3>\r\n\r\n\r\n\r\n<p>Si usted no puede llegar a su cita por favor ll\u00e1menos 24 horas por adelantado. Se considerar\u00e1 que perdi\u00f3 la cita si no la cancela. Si usted se pierde m\u00faltiples citas de esta manera, solo ser\u00e1 visto en citas de mismo d\u00eda.<\/p>\r\n\r\n\r\n\r\n<h3 class=\"wp-block-heading\"><strong>Que Debe Traer a Su Cita<\/strong><\/h3>\r\n\r\n\r\n\r\n<p>Usted nos tendr\u00e1 que proveer su historial m\u00e9dico e informaci\u00f3n sobre cualquier cuidado que haya recibido fuera de SVCHC. Esto nos permite obtener un cuadro completo de la atenci\u00f3n que usted est\u00e1 recibiendo y nos permite asegurar que servicios de salud de calidad sean provistos a usted y si familia.<\/p>\r\n\r\n\r\n\r\n<p>En general, por favor traiga:<\/p>\r\n\r\n\r\n\r\n<ul class=\"wp-block-list\">\r\n<li>Todos sus medicamentos actuales (incluidos los medicamentos sin receta)<\/li>\r\n<li>Cualquier resultado reciente de estudios<\/li>\r\n<li>Informaci\u00f3n sobre presi\u00f3n sangu\u00ednea actualizada o lecturas de glucosa<\/li>\r\n<li>Informaci\u00f3n de otro proveedor m\u00e9dico<\/li>\r\n<li>Nombre<\/li>\r\n<li>Direcci\u00f3n<\/li>\r\n<li>N\u00famero de tel\u00e9fono<\/li>\r\n<\/ul>\r\n\r\n\r\n\r\n<p>Tambi\u00e9n traiga:<\/p>\r\n\r\n\r\n\r\n<ul class=\"wp-block-list\">\r\n<li>Tarjeta de seguro m\u00e9dico actual<\/li>\r\n<li>\u00a0Identificaci\u00f3n con su fotograf\u00eda<\/li>\r\n<li>Pago &#8211; Aceptamos efectivo y tarjetas de cr\u00e9dito o d\u00e9bito.<\/li>\r\n<\/ul>\r\n\r\n\r\n\r\n<h3 class=\"wp-block-heading\"><strong>Registraci\u00f3n<\/strong><\/h3>\r\n\r\n\r\n\r\n<p>Durante su visita a nuestra oficina, nuestro personal en la recepci\u00f3n colectara sus formularios\u00a0 de registraci\u00f3n. Esta informaci\u00f3n y cualquier otra informaci\u00f3n que nos proporcione se mantendr\u00e1 estrictamente confidencial.<\/p>\r\n\r\n\r\n\r\n<p>En cada visita, se le pedir\u00e1 que presente su tarjeta de seguro m\u00e9dico e identificaci\u00f3n con foto. Tambi\u00e9n se le pedir\u00e1 que verifique su:<\/p>\r\n\r\n\r\n\r\n<ul class=\"wp-block-list\">\r\n<li>Direcci\u00f3n<\/li>\r\n<li>N\u00famero de tel\u00e9fono<\/li>\r\n<li>Seguro medico<\/li>\r\n<li>Farmacia preferida<\/li>\r\n<\/ul>\r\n\r\n\r\n\r\n<p>Por favor tome nota de que esta no es una lista de informaci\u00f3n de registraci\u00f3n completa<\/p>\r\n\r\n\r\n\r\n<p>\u00a0Y que es posible que le pregunten por m\u00e1s informaci\u00f3n durante el proceso de registraci\u00f3n.<\/p>\r\n\r\n\r\n\r\n<h3 class=\"wp-block-heading\"><strong>Identificaci\u00f3n con Fotograf\u00eda<\/strong><\/h3>\r\n\r\n\r\n\r\n<p>Empezando el 2 de enero de 2014 a SVCHC se le requiere ajuntar una la foto del paciente dentro de su expediente m\u00e9dico. Este requerimiento lo impusieron tanto el gobierno estatal y federal como iniciativa para mantener su expediente medico seguro. Aceptaremos cualquier identificaci\u00f3n con foto que usted traiga, solo necesita tener su nombre y fotograf\u00eda. Algunos ejemplos son:<\/p>\r\n\r\n\r\n\r\n<ul class=\"wp-block-list\">\r\n<li>Licencia de conducir<\/li>\r\n<li>Tarjeta de identificaci\u00f3n de California<\/li>\r\n<li>Tarjeta de biblioteca<\/li>\r\n<li>Pasaporte<\/li>\r\n<li>Tarjeta bancaria<\/li>\r\n<li>Tarjeta de identificaci\u00f3n de estudiante<\/li>\r\n<li>Insignia de empleado<\/li>\r\n<\/ul>\r\n\r\n\r\n\r\n<h3 class=\"wp-block-heading\"><strong>Pago<\/strong><\/h3>\r\n\r\n\r\n\r\n<p>Al llegar su cuenta ser\u00e1 revisada por cualquier saldo pendiente o co-pago. Se espera que page en completo al tiempo que se le rinda el servicio. Puede pagar con tarjeta de cr\u00e9dito, d\u00e9bito o con efectivo. Usted recibir\u00e1 un recibo por cada visita a la oficina que usted page. Puede ser que algunos estudios de prevenci\u00f3n se incluyan en el costo de la visita. Si su proveedor siente que estudios que no se incluyen en la tarifa de oficina son necesarios, se le proveer\u00e1 un estimado del costo adicional a usted. El costo de los estudios adicionales ser\u00e1 su responsabilidad y se cobraran por separado. <br \/><br \/>Si usted es incapaz de proveer el pago al tiempo de servicio, por favor haga planes con la oficina de enfrente para pagar antes de irse. Se le enviara una declaraci\u00f3n monetaria por correo. Si necesita un plan de pago o asistencia adicional para el pago, pida hablar con alguien en nuestro departamento de facturaci\u00f3n.<\/p>\r\n","protected":false},"excerpt":{"rendered":"<p>HAGA UNA CITA Citas Por favor ll\u00e1menos al 707.939.6070 si necesita hacer una cita, cambiar la fecha de una cita, o cancelar una cita cl\u00ednica o dental. Si nuestros operadores de tel\u00e9fono est\u00e1n ocupados asistiendo a otras personas, por favor&#8230;<br \/><a class=\"read_more\" href=\"https:\/\/svchc.org\/espanol\/contact\/appointments-payments\/\">Read More<\/a><\/p>\n","protected":false},"author":1,"featured_media":0,"parent":196,"menu_order":0,"comment_status":"closed","ping_status":"closed","template":"","meta":{"_acf_changed":false,"footnotes":""},"class_list":["post-198","page","type-page","status-publish","hentry"],"acf":[],"yoast_head":"<!-- This site is optimized with the Yoast SEO plugin v27.4 - https:\/\/yoast.com\/product\/yoast-seo-wordpress\/ -->\n<title>Citas y Pagos - SVCHC<\/title>\n<meta name=\"robots\" content=\"index, follow, max-snippet:-1, max-image-preview:large, max-video-preview:-1\" \/>\n<link rel=\"canonical\" href=\"https:\/\/svchc.org\/espanol\/contact\/appointments-payments\/\" \/>\n<meta property=\"og:locale\" content=\"en_US\" \/>\n<meta property=\"og:type\" content=\"article\" \/>\n<meta property=\"og:title\" content=\"Citas y Pagos - SVCHC\" \/>\n<meta property=\"og:description\" content=\"HAGA UNA CITA Citas Por favor ll\u00e1menos al 707.939.6070 si necesita hacer una cita, cambiar la fecha de una cita, o cancelar una cita cl\u00ednica o dental. Si nuestros operadores de tel\u00e9fono est\u00e1n ocupados asistiendo a otras personas, por favor...Read More\" \/>\n<meta property=\"og:url\" content=\"https:\/\/svchc.org\/espanol\/contact\/appointments-payments\/\" \/>\n<meta property=\"og:site_name\" content=\"SVCHC\" \/>\n<meta property=\"article:modified_time\" content=\"2025-04-24T21:20:43+00:00\" \/>\n<meta name=\"twitter:card\" content=\"summary_large_image\" \/>\n<meta name=\"twitter:label1\" content=\"Est. reading time\" \/>\n\t<meta name=\"twitter:data1\" content=\"4 minutes\" \/>\n<script type=\"application\/ld+json\" class=\"yoast-schema-graph\">{\"@context\":\"https:\\\/\\\/schema.org\",\"@graph\":[{\"@type\":\"WebPage\",\"@id\":\"https:\\\/\\\/svchc.org\\\/espanol\\\/contact\\\/appointments-payments\\\/\",\"url\":\"https:\\\/\\\/svchc.org\\\/espanol\\\/contact\\\/appointments-payments\\\/\",\"name\":\"Citas y Pagos - SVCHC\",\"isPartOf\":{\"@id\":\"https:\\\/\\\/svchc.org\\\/espanol\\\/#website\"},\"datePublished\":\"2019-07-09T17:01:58+00:00\",\"dateModified\":\"2025-04-24T21:20:43+00:00\",\"breadcrumb\":{\"@id\":\"https:\\\/\\\/svchc.org\\\/espanol\\\/contact\\\/appointments-payments\\\/#breadcrumb\"},\"inLanguage\":\"en-US\",\"potentialAction\":[{\"@type\":\"ReadAction\",\"target\":[\"https:\\\/\\\/svchc.org\\\/espanol\\\/contact\\\/appointments-payments\\\/\"]}]},{\"@type\":\"BreadcrumbList\",\"@id\":\"https:\\\/\\\/svchc.org\\\/espanol\\\/contact\\\/appointments-payments\\\/#breadcrumb\",\"itemListElement\":[{\"@type\":\"ListItem\",\"position\":1,\"name\":\"Home\",\"item\":\"https:\\\/\\\/svchc.org\\\/espanol\\\/\"},{\"@type\":\"ListItem\",\"position\":2,\"name\":\"Contactenos\",\"item\":\"https:\\\/\\\/svchc.org\\\/espanol\\\/contact\\\/\"},{\"@type\":\"ListItem\",\"position\":3,\"name\":\"Citas y Pagos\"}]},{\"@type\":\"WebSite\",\"@id\":\"https:\\\/\\\/svchc.org\\\/espanol\\\/#website\",\"url\":\"https:\\\/\\\/svchc.org\\\/espanol\\\/\",\"name\":\"SVCHC\",\"description\":\"\",\"potentialAction\":[{\"@type\":\"SearchAction\",\"target\":{\"@type\":\"EntryPoint\",\"urlTemplate\":\"https:\\\/\\\/svchc.org\\\/espanol\\\/?s={search_term_string}\"},\"query-input\":{\"@type\":\"PropertyValueSpecification\",\"valueRequired\":true,\"valueName\":\"search_term_string\"}}],\"inLanguage\":\"en-US\"}]}<\/script>\n<!-- \/ Yoast SEO plugin. -->","yoast_head_json":{"title":"Citas y Pagos - SVCHC","robots":{"index":"index","follow":"follow","max-snippet":"max-snippet:-1","max-image-preview":"max-image-preview:large","max-video-preview":"max-video-preview:-1"},"canonical":"https:\/\/svchc.org\/espanol\/contact\/appointments-payments\/","og_locale":"en_US","og_type":"article","og_title":"Citas y Pagos - SVCHC","og_description":"HAGA UNA CITA Citas Por favor ll\u00e1menos al 707.939.6070 si necesita hacer una cita, cambiar la fecha de una cita, o cancelar una cita cl\u00ednica o dental. Si nuestros operadores de tel\u00e9fono est\u00e1n ocupados asistiendo a otras personas, por favor...Read More","og_url":"https:\/\/svchc.org\/espanol\/contact\/appointments-payments\/","og_site_name":"SVCHC","article_modified_time":"2025-04-24T21:20:43+00:00","twitter_card":"summary_large_image","twitter_misc":{"Est. reading time":"4 minutes"},"schema":{"@context":"https:\/\/schema.org","@graph":[{"@type":"WebPage","@id":"https:\/\/svchc.org\/espanol\/contact\/appointments-payments\/","url":"https:\/\/svchc.org\/espanol\/contact\/appointments-payments\/","name":"Citas y Pagos - SVCHC","isPartOf":{"@id":"https:\/\/svchc.org\/espanol\/#website"},"datePublished":"2019-07-09T17:01:58+00:00","dateModified":"2025-04-24T21:20:43+00:00","breadcrumb":{"@id":"https:\/\/svchc.org\/espanol\/contact\/appointments-payments\/#breadcrumb"},"inLanguage":"en-US","potentialAction":[{"@type":"ReadAction","target":["https:\/\/svchc.org\/espanol\/contact\/appointments-payments\/"]}]},{"@type":"BreadcrumbList","@id":"https:\/\/svchc.org\/espanol\/contact\/appointments-payments\/#breadcrumb","itemListElement":[{"@type":"ListItem","position":1,"name":"Home","item":"https:\/\/svchc.org\/espanol\/"},{"@type":"ListItem","position":2,"name":"Contactenos","item":"https:\/\/svchc.org\/espanol\/contact\/"},{"@type":"ListItem","position":3,"name":"Citas y Pagos"}]},{"@type":"WebSite","@id":"https:\/\/svchc.org\/espanol\/#website","url":"https:\/\/svchc.org\/espanol\/","name":"SVCHC","description":"","potentialAction":[{"@type":"SearchAction","target":{"@type":"EntryPoint","urlTemplate":"https:\/\/svchc.org\/espanol\/?s={search_term_string}"},"query-input":{"@type":"PropertyValueSpecification","valueRequired":true,"valueName":"search_term_string"}}],"inLanguage":"en-US"}]}},"_links":{"self":[{"href":"https:\/\/svchc.org\/espanol\/wp-json\/wp\/v2\/pages\/198","targetHints":{"allow":["GET"]}}],"collection":[{"href":"https:\/\/svchc.org\/espanol\/wp-json\/wp\/v2\/pages"}],"about":[{"href":"https:\/\/svchc.org\/espanol\/wp-json\/wp\/v2\/types\/page"}],"author":[{"embeddable":true,"href":"https:\/\/svchc.org\/espanol\/wp-json\/wp\/v2\/users\/1"}],"replies":[{"embeddable":true,"href":"https:\/\/svchc.org\/espanol\/wp-json\/wp\/v2\/comments?post=198"}],"version-history":[{"count":6,"href":"https:\/\/svchc.org\/espanol\/wp-json\/wp\/v2\/pages\/198\/revisions"}],"predecessor-version":[{"id":2008,"href":"https:\/\/svchc.org\/espanol\/wp-json\/wp\/v2\/pages\/198\/revisions\/2008"}],"up":[{"embeddable":true,"href":"https:\/\/svchc.org\/espanol\/wp-json\/wp\/v2\/pages\/196"}],"wp:attachment":[{"href":"https:\/\/svchc.org\/espanol\/wp-json\/wp\/v2\/media?parent=198"}],"curies":[{"name":"wp","href":"https:\/\/api.w.org\/{rel}","templated":true}]}}