{"id":193,"date":"2019-07-09T16:58:31","date_gmt":"2019-07-09T16:58:31","guid":{"rendered":"http:\/\/svchc.abisites.com\/espanol\/?page_id=193"},"modified":"2025-11-05T18:30:32","modified_gmt":"2025-11-05T18:30:32","slug":"recursos","status":"publish","type":"page","link":"https:\/\/svchc.org\/espanol\/recursos\/","title":{"rendered":"Recursos"},"content":{"rendered":"<p style=\"text-align: center;\">Para obtener m\u00e1s informaci\u00f3n sobre los recursos comunitarios, haz clic en el bot\u00f3n para descargar los folletos, en el \u00edcono para visitar sus sitios web, o llama al n\u00famero indicado.<\/p>\n<p>&nbsp;<\/p>\n<h5 style=\"text-align: center;\"><a class=\"read_more\" href=\"https:\/\/svchc.org\/espanol\/wp-content\/uploads\/sites\/3\/2025\/11\/SVCHC-Community-Resource-List_bilingual.pdf\" target=\"_blank\" rel=\"noopener noreferrer\" download=\"\">SVCHC Lista de Recursos Comunitarios<\/a><\/h5>\n<p>&nbsp;<\/p>\n","protected":false},"excerpt":{"rendered":"<p>Para obtener m\u00e1s informaci\u00f3n sobre los recursos comunitarios, haz clic en el bot\u00f3n para descargar los folletos, en el \u00edcono para visitar sus sitios web, o llama al n\u00famero indicado. &nbsp; SVCHC Lista de Recursos Comunitarios &nbsp;<\/p>\n","protected":false},"author":1,"featured_media":0,"parent":0,"menu_order":4,"comment_status":"closed","ping_status":"closed","template":"custom_templates\/resources.php","meta":{"_acf_changed":false,"footnotes":""},"class_list":["post-193","page","type-page","status-publish","hentry"],"acf":[],"yoast_head":"<!-- This site is optimized with the Yoast SEO plugin v27.4 - https:\/\/yoast.com\/product\/yoast-seo-wordpress\/ -->\n<title>Recursos - SVCHC<\/title>\n<meta name=\"robots\" content=\"index, follow, max-snippet:-1, max-image-preview:large, max-video-preview:-1\" \/>\n<link rel=\"canonical\" href=\"https:\/\/svchc.org\/espanol\/recursos\/\" \/>\n<meta property=\"og:locale\" content=\"en_US\" \/>\n<meta property=\"og:type\" content=\"article\" \/>\n<meta property=\"og:title\" content=\"Recursos - SVCHC\" \/>\n<meta property=\"og:description\" content=\"Para obtener m\u00e1s informaci\u00f3n sobre los recursos comunitarios, haz clic en el bot\u00f3n para descargar los folletos, en el \u00edcono para visitar sus sitios web, o llama al n\u00famero indicado. &nbsp; SVCHC Lista de Recursos Comunitarios &nbsp;\" \/>\n<meta property=\"og:url\" content=\"https:\/\/svchc.org\/espanol\/recursos\/\" \/>\n<meta property=\"og:site_name\" content=\"SVCHC\" \/>\n<meta property=\"article:modified_time\" content=\"2025-11-05T18:30:32+00:00\" \/>\n<meta name=\"twitter:card\" content=\"summary_large_image\" \/>\n<meta name=\"twitter:label1\" content=\"Est. reading time\" \/>\n\t<meta name=\"twitter:data1\" content=\"1 minute\" \/>\n<script type=\"application\/ld+json\" class=\"yoast-schema-graph\">{\"@context\":\"https:\\\/\\\/schema.org\",\"@graph\":[{\"@type\":\"WebPage\",\"@id\":\"https:\\\/\\\/svchc.org\\\/espanol\\\/recursos\\\/\",\"url\":\"https:\\\/\\\/svchc.org\\\/espanol\\\/recursos\\\/\",\"name\":\"Recursos - SVCHC\",\"isPartOf\":{\"@id\":\"https:\\\/\\\/svchc.org\\\/espanol\\\/#website\"},\"datePublished\":\"2019-07-09T16:58:31+00:00\",\"dateModified\":\"2025-11-05T18:30:32+00:00\",\"breadcrumb\":{\"@id\":\"https:\\\/\\\/svchc.org\\\/espanol\\\/recursos\\\/#breadcrumb\"},\"inLanguage\":\"en-US\",\"potentialAction\":[{\"@type\":\"ReadAction\",\"target\":[\"https:\\\/\\\/svchc.org\\\/espanol\\\/recursos\\\/\"]}]},{\"@type\":\"BreadcrumbList\",\"@id\":\"https:\\\/\\\/svchc.org\\\/espanol\\\/recursos\\\/#breadcrumb\",\"itemListElement\":[{\"@type\":\"ListItem\",\"position\":1,\"name\":\"Home\",\"item\":\"https:\\\/\\\/svchc.org\\\/espanol\\\/\"},{\"@type\":\"ListItem\",\"position\":2,\"name\":\"Recursos\"}]},{\"@type\":\"WebSite\",\"@id\":\"https:\\\/\\\/svchc.org\\\/espanol\\\/#website\",\"url\":\"https:\\\/\\\/svchc.org\\\/espanol\\\/\",\"name\":\"SVCHC\",\"description\":\"\",\"potentialAction\":[{\"@type\":\"SearchAction\",\"target\":{\"@type\":\"EntryPoint\",\"urlTemplate\":\"https:\\\/\\\/svchc.org\\\/espanol\\\/?s={search_term_string}\"},\"query-input\":{\"@type\":\"PropertyValueSpecification\",\"valueRequired\":true,\"valueName\":\"search_term_string\"}}],\"inLanguage\":\"en-US\"}]}<\/script>\n<!-- \/ Yoast SEO plugin. -->","yoast_head_json":{"title":"Recursos - SVCHC","robots":{"index":"index","follow":"follow","max-snippet":"max-snippet:-1","max-image-preview":"max-image-preview:large","max-video-preview":"max-video-preview:-1"},"canonical":"https:\/\/svchc.org\/espanol\/recursos\/","og_locale":"en_US","og_type":"article","og_title":"Recursos - SVCHC","og_description":"Para obtener m\u00e1s informaci\u00f3n sobre los recursos comunitarios, haz clic en el bot\u00f3n para descargar los folletos, en el \u00edcono para visitar sus sitios web, o llama al n\u00famero indicado. &nbsp; SVCHC Lista de Recursos Comunitarios &nbsp;","og_url":"https:\/\/svchc.org\/espanol\/recursos\/","og_site_name":"SVCHC","article_modified_time":"2025-11-05T18:30:32+00:00","twitter_card":"summary_large_image","twitter_misc":{"Est. reading time":"1 minute"},"schema":{"@context":"https:\/\/schema.org","@graph":[{"@type":"WebPage","@id":"https:\/\/svchc.org\/espanol\/recursos\/","url":"https:\/\/svchc.org\/espanol\/recursos\/","name":"Recursos - SVCHC","isPartOf":{"@id":"https:\/\/svchc.org\/espanol\/#website"},"datePublished":"2019-07-09T16:58:31+00:00","dateModified":"2025-11-05T18:30:32+00:00","breadcrumb":{"@id":"https:\/\/svchc.org\/espanol\/recursos\/#breadcrumb"},"inLanguage":"en-US","potentialAction":[{"@type":"ReadAction","target":["https:\/\/svchc.org\/espanol\/recursos\/"]}]},{"@type":"BreadcrumbList","@id":"https:\/\/svchc.org\/espanol\/recursos\/#breadcrumb","itemListElement":[{"@type":"ListItem","position":1,"name":"Home","item":"https:\/\/svchc.org\/espanol\/"},{"@type":"ListItem","position":2,"name":"Recursos"}]},{"@type":"WebSite","@id":"https:\/\/svchc.org\/espanol\/#website","url":"https:\/\/svchc.org\/espanol\/","name":"SVCHC","description":"","potentialAction":[{"@type":"SearchAction","target":{"@type":"EntryPoint","urlTemplate":"https:\/\/svchc.org\/espanol\/?s={search_term_string}"},"query-input":{"@type":"PropertyValueSpecification","valueRequired":true,"valueName":"search_term_string"}}],"inLanguage":"en-US"}]}},"_links":{"self":[{"href":"https:\/\/svchc.org\/espanol\/wp-json\/wp\/v2\/pages\/193","targetHints":{"allow":["GET"]}}],"collection":[{"href":"https:\/\/svchc.org\/espanol\/wp-json\/wp\/v2\/pages"}],"about":[{"href":"https:\/\/svchc.org\/espanol\/wp-json\/wp\/v2\/types\/page"}],"author":[{"embeddable":true,"href":"https:\/\/svchc.org\/espanol\/wp-json\/wp\/v2\/users\/1"}],"replies":[{"embeddable":true,"href":"https:\/\/svchc.org\/espanol\/wp-json\/wp\/v2\/comments?post=193"}],"version-history":[{"count":127,"href":"https:\/\/svchc.org\/espanol\/wp-json\/wp\/v2\/pages\/193\/revisions"}],"predecessor-version":[{"id":2255,"href":"https:\/\/svchc.org\/espanol\/wp-json\/wp\/v2\/pages\/193\/revisions\/2255"}],"wp:attachment":[{"href":"https:\/\/svchc.org\/espanol\/wp-json\/wp\/v2\/media?parent=193"}],"curies":[{"name":"wp","href":"https:\/\/api.w.org\/{rel}","templated":true}]}}