{"id":191,"date":"2019-07-09T16:49:04","date_gmt":"2019-07-09T16:49:04","guid":{"rendered":"http:\/\/svchc.abisites.com\/espanol\/?page_id=191"},"modified":"2026-03-10T15:35:42","modified_gmt":"2026-03-10T15:35:42","slug":"careers","status":"publish","type":"page","link":"https:\/\/svchc.org\/espanol\/about\/careers\/","title":{"rendered":"Carreras"},"content":{"rendered":"\r\n<h2 class=\"wp-block-heading\"><strong>Lo Que Creemos<\/strong>:<\/h2>\r\n\r\n\r\n\r\n<ul class=\"wp-block-list\">\r\n<li>La clave para transformar la salud es centralizar los esfuerzos en el paciente.<\/li>\r\n<li>Un enfoque en el que todos colaboran basado en trabajo en equipo es la clave para resolver problemas complejos.<\/li>\r\n<li>La piedra angular de una comunidad saludable es acceso a cuidado de salud de la m\u00e1s alta calidad para todos.<\/li>\r\n<\/ul>\r\n\r\n\r\n\r\n<h2 class=\"wp-block-heading\"><strong>Lo Que Ofrecemos<\/strong>:<\/h2>\r\n\r\n\r\n\r\n<ul class=\"wp-block-list\">\r\n<li>Un enfoque progresivo, abierto e inspirador para la atenci\u00f3n m\u00e9dica.<\/li>\r\n<li>Excelentes oportunidades de liderazgo con la posibilidad de marcar una diferencia.<\/li>\r\n<li>Excelentes beneficios y un salario competitivo.<\/li>\r\n<\/ul>\r\n\r\n\r\n\r\n<h2 class=\"wp-block-heading\"><strong>\u00a1Obt\u00e9n pago por poner tu pasi\u00f3n por el cuidado de salud a trabajar!<\/strong><\/h2>\r\n\r\n\r\n\r\n<p>Contratamos a los mejores y m\u00e1s brillantes. Estamos buscando a personas que tengan nuestra misma pasi\u00f3n por asegurar que toda persona tenga acceso a cuidado de salud excepcional y por hacer una diferencia positiva en nuestro mundo.\u00a0<\/p>\r\n<h3>Puestos de Trabajo Disponibles<\/h3>\r\n<ul>\r\n<li>Recepcionista dental.<\/li>\r\n<li>Enfermero de Pr\u00e1ctica Familiar<\/li>\r\n<\/ul>\r\n<p>* Se requiere dominio del idioma ingl\u00e9s.\u00a0<\/p>\r\n<h3><strong>\u00bfInter\u00e9s en solicitar?<\/strong><\/h3>\r\n<p>Si tiene inter\u00e9s en solicitar alg\u00fan puesto, favor de presentar su carta de inter\u00e9s y curriculum vitae (resume) via\u00a0 <a href=\"mailto:jobs@svchc.org\">jobs@svchc.org<\/a>.\u00a0<u><\/u><\/p>\r\n<p><em>Sonoma Valley Community Health Center (SVCHC)<\/em> es un centro de salud primaria 501(c) (3). El Centro de Salud provee cuidado m\u00e9dico y servicios preventivos a personas de todas las edades: recien nacidos, ni\u00f1os, j\u00f3venes, mujeres embarazadas, adultos, y personas de la tercera edad.\u00a0 SVCHC es el \u00fanico\u00a0 proveedor m\u00e9dico \u201cred de protecci\u00f3n social (safety net)\u201d proveyendo servicios a habitantes del Valle de Sonoma Valley y el \u00fanico proveedor m\u00e9dico en el Valle de Sonoma que actualmente\u00a0 acepta Medi-Cal y da servicios a personas sin seguro m\u00e9dico.\u00a0<\/p>\r\n","protected":false},"excerpt":{"rendered":"<p>Lo Que Creemos: La clave para transformar la salud es centralizar los esfuerzos en el paciente. Un enfoque en el que todos colaboran basado en trabajo en equipo es la clave para resolver problemas complejos. La piedra angular de una&#8230;<br \/><a class=\"read_more\" href=\"https:\/\/svchc.org\/espanol\/about\/careers\/\">Read More<\/a><\/p>\n","protected":false},"author":1,"featured_media":0,"parent":187,"menu_order":0,"comment_status":"closed","ping_status":"closed","template":"","meta":{"_acf_changed":false,"footnotes":""},"class_list":["post-191","page","type-page","status-publish","hentry"],"acf":[],"yoast_head":"<!-- This site is optimized with the Yoast SEO plugin v27.4 - https:\/\/yoast.com\/product\/yoast-seo-wordpress\/ -->\n<title>Carreras - SVCHC<\/title>\n<meta name=\"robots\" content=\"index, follow, max-snippet:-1, max-image-preview:large, max-video-preview:-1\" \/>\n<link rel=\"canonical\" href=\"https:\/\/svchc.org\/espanol\/about\/careers\/\" \/>\n<meta property=\"og:locale\" content=\"en_US\" \/>\n<meta property=\"og:type\" content=\"article\" \/>\n<meta property=\"og:title\" content=\"Carreras - SVCHC\" \/>\n<meta property=\"og:description\" content=\"Lo Que Creemos: La clave para transformar la salud es centralizar los esfuerzos en el paciente. Un enfoque en el que todos colaboran basado en trabajo en equipo es la clave para resolver problemas complejos. La piedra angular de una...Read More\" \/>\n<meta property=\"og:url\" content=\"https:\/\/svchc.org\/espanol\/about\/careers\/\" \/>\n<meta property=\"og:site_name\" content=\"SVCHC\" \/>\n<meta property=\"article:modified_time\" content=\"2026-03-10T15:35:42+00:00\" \/>\n<meta name=\"twitter:card\" content=\"summary_large_image\" \/>\n<meta name=\"twitter:label1\" content=\"Est. reading time\" \/>\n\t<meta name=\"twitter:data1\" content=\"2 minutes\" \/>\n<script type=\"application\/ld+json\" class=\"yoast-schema-graph\">{\"@context\":\"https:\\\/\\\/schema.org\",\"@graph\":[{\"@type\":\"WebPage\",\"@id\":\"https:\\\/\\\/svchc.org\\\/espanol\\\/about\\\/careers\\\/\",\"url\":\"https:\\\/\\\/svchc.org\\\/espanol\\\/about\\\/careers\\\/\",\"name\":\"Carreras - SVCHC\",\"isPartOf\":{\"@id\":\"https:\\\/\\\/svchc.org\\\/espanol\\\/#website\"},\"datePublished\":\"2019-07-09T16:49:04+00:00\",\"dateModified\":\"2026-03-10T15:35:42+00:00\",\"breadcrumb\":{\"@id\":\"https:\\\/\\\/svchc.org\\\/espanol\\\/about\\\/careers\\\/#breadcrumb\"},\"inLanguage\":\"en-US\",\"potentialAction\":[{\"@type\":\"ReadAction\",\"target\":[\"https:\\\/\\\/svchc.org\\\/espanol\\\/about\\\/careers\\\/\"]}]},{\"@type\":\"BreadcrumbList\",\"@id\":\"https:\\\/\\\/svchc.org\\\/espanol\\\/about\\\/careers\\\/#breadcrumb\",\"itemListElement\":[{\"@type\":\"ListItem\",\"position\":1,\"name\":\"Home\",\"item\":\"https:\\\/\\\/svchc.org\\\/espanol\\\/\"},{\"@type\":\"ListItem\",\"position\":2,\"name\":\"Sobre Nosotros\",\"item\":\"https:\\\/\\\/svchc.org\\\/espanol\\\/about\\\/\"},{\"@type\":\"ListItem\",\"position\":3,\"name\":\"Carreras\"}]},{\"@type\":\"WebSite\",\"@id\":\"https:\\\/\\\/svchc.org\\\/espanol\\\/#website\",\"url\":\"https:\\\/\\\/svchc.org\\\/espanol\\\/\",\"name\":\"SVCHC\",\"description\":\"\",\"potentialAction\":[{\"@type\":\"SearchAction\",\"target\":{\"@type\":\"EntryPoint\",\"urlTemplate\":\"https:\\\/\\\/svchc.org\\\/espanol\\\/?s={search_term_string}\"},\"query-input\":{\"@type\":\"PropertyValueSpecification\",\"valueRequired\":true,\"valueName\":\"search_term_string\"}}],\"inLanguage\":\"en-US\"}]}<\/script>\n<!-- \/ Yoast SEO plugin. -->","yoast_head_json":{"title":"Carreras - SVCHC","robots":{"index":"index","follow":"follow","max-snippet":"max-snippet:-1","max-image-preview":"max-image-preview:large","max-video-preview":"max-video-preview:-1"},"canonical":"https:\/\/svchc.org\/espanol\/about\/careers\/","og_locale":"en_US","og_type":"article","og_title":"Carreras - SVCHC","og_description":"Lo Que Creemos: La clave para transformar la salud es centralizar los esfuerzos en el paciente. Un enfoque en el que todos colaboran basado en trabajo en equipo es la clave para resolver problemas complejos. La piedra angular de una...Read More","og_url":"https:\/\/svchc.org\/espanol\/about\/careers\/","og_site_name":"SVCHC","article_modified_time":"2026-03-10T15:35:42+00:00","twitter_card":"summary_large_image","twitter_misc":{"Est. reading time":"2 minutes"},"schema":{"@context":"https:\/\/schema.org","@graph":[{"@type":"WebPage","@id":"https:\/\/svchc.org\/espanol\/about\/careers\/","url":"https:\/\/svchc.org\/espanol\/about\/careers\/","name":"Carreras - SVCHC","isPartOf":{"@id":"https:\/\/svchc.org\/espanol\/#website"},"datePublished":"2019-07-09T16:49:04+00:00","dateModified":"2026-03-10T15:35:42+00:00","breadcrumb":{"@id":"https:\/\/svchc.org\/espanol\/about\/careers\/#breadcrumb"},"inLanguage":"en-US","potentialAction":[{"@type":"ReadAction","target":["https:\/\/svchc.org\/espanol\/about\/careers\/"]}]},{"@type":"BreadcrumbList","@id":"https:\/\/svchc.org\/espanol\/about\/careers\/#breadcrumb","itemListElement":[{"@type":"ListItem","position":1,"name":"Home","item":"https:\/\/svchc.org\/espanol\/"},{"@type":"ListItem","position":2,"name":"Sobre Nosotros","item":"https:\/\/svchc.org\/espanol\/about\/"},{"@type":"ListItem","position":3,"name":"Carreras"}]},{"@type":"WebSite","@id":"https:\/\/svchc.org\/espanol\/#website","url":"https:\/\/svchc.org\/espanol\/","name":"SVCHC","description":"","potentialAction":[{"@type":"SearchAction","target":{"@type":"EntryPoint","urlTemplate":"https:\/\/svchc.org\/espanol\/?s={search_term_string}"},"query-input":{"@type":"PropertyValueSpecification","valueRequired":true,"valueName":"search_term_string"}}],"inLanguage":"en-US"}]}},"_links":{"self":[{"href":"https:\/\/svchc.org\/espanol\/wp-json\/wp\/v2\/pages\/191","targetHints":{"allow":["GET"]}}],"collection":[{"href":"https:\/\/svchc.org\/espanol\/wp-json\/wp\/v2\/pages"}],"about":[{"href":"https:\/\/svchc.org\/espanol\/wp-json\/wp\/v2\/types\/page"}],"author":[{"embeddable":true,"href":"https:\/\/svchc.org\/espanol\/wp-json\/wp\/v2\/users\/1"}],"replies":[{"embeddable":true,"href":"https:\/\/svchc.org\/espanol\/wp-json\/wp\/v2\/comments?post=191"}],"version-history":[{"count":16,"href":"https:\/\/svchc.org\/espanol\/wp-json\/wp\/v2\/pages\/191\/revisions"}],"predecessor-version":[{"id":2315,"href":"https:\/\/svchc.org\/espanol\/wp-json\/wp\/v2\/pages\/191\/revisions\/2315"}],"up":[{"embeddable":true,"href":"https:\/\/svchc.org\/espanol\/wp-json\/wp\/v2\/pages\/187"}],"wp:attachment":[{"href":"https:\/\/svchc.org\/espanol\/wp-json\/wp\/v2\/media?parent=191"}],"curies":[{"name":"wp","href":"https:\/\/api.w.org\/{rel}","templated":true}]}}