{"id":1523,"date":"2023-11-29T21:21:42","date_gmt":"2023-11-29T21:21:42","guid":{"rendered":"https:\/\/svchc.org\/espanol\/?page_id=1523"},"modified":"2025-05-22T17:15:38","modified_gmt":"2025-05-22T17:15:38","slug":"my-chart-2","status":"publish","type":"page","link":"https:\/\/svchc.org\/espanol\/my-chart-2\/","title":{"rendered":"My Chart"},"content":{"rendered":"<p>MyChart es un portal seguro en l\u00ednea dise\u00f1ado para simplificar la gesti\u00f3n de su atenci\u00f3n m\u00e9dica. Ya sea desde casa o cuando est\u00e1 en movimiento, puede acceder a informaci\u00f3n importante sobre su salud, comunicarte con su equipo de atenci\u00f3n y mantenerte al tanto de sus necesidades m\u00e9dicas, todo en un solo lugar.<\/p>\n<p>Con MyChart, puede:<\/p>\n<p>&#8211; <strong>Consultar su historial m\u00e9dic<\/strong>o:** Revise sus medicamentos, resultados de pruebas y pr\u00f3ximas citas en cualquier momento.<br \/>\n&#8211; <strong>Comunicarse con su equipo de atenci\u00f3n<\/strong>: Env\u00ede mensajes seguros, solicita reposiciones de recetas y obt\u00e9n respuestas r\u00e1pidas a sus preguntas de salud.<br \/>\n&#8211; <strong>Administrar su historial m\u00e9dico<\/strong>: Acceda a res\u00famenes de visitas anteriores, registros de vacunaci\u00f3n e informaci\u00f3n m\u00e9dica importante.<br \/>\n&#8211; <strong>Gestionar pagos f\u00e1cilmente<\/strong>: Consulte estados de cuenta, paga facturas en l\u00ednea y administra planes de pago desde tu cuenta.<br \/>\n&#8211; <strong>Actualizar su informaci\u00f3n persona<\/strong>l: Mant\u00e9nga al d\u00eda su informaci\u00f3n de contacto y contactos de emergencia.<br \/>\n&#8211; <strong>Acceder a su expediente m\u00e9dico electr\u00f3nico<\/strong>: Obt\u00e9n una visi\u00f3n completa de tu salud con f\u00e1cil acceso a los registros de tu proveedor.<\/p>\n<p><a href=\"https:\/\/mychart.ochin.org\/svchc\/Authentication\/Login\">MyChart<\/a> est\u00e1 disponible para pacientes de 12 a\u00f1os en adelante, lo que hace que la gesti\u00f3n de su salud sea m\u00e1s sencilla y accesible. \u00a1<a href=\"https:\/\/mychart.ochin.org\/svchc\/Authentication\/Login\">Inicie una sesi\u00f3n<\/a> hoy y descubra una manera m\u00e1s inteligente de manejar su atenci\u00f3n m\u00e9dica!<\/p>\n<p>&nbsp;<\/p>\n","protected":false},"excerpt":{"rendered":"<p>MyChart es un portal seguro en l\u00ednea dise\u00f1ado para simplificar la gesti\u00f3n de su atenci\u00f3n m\u00e9dica. Ya sea desde casa o cuando est\u00e1 en movimiento, puede acceder a informaci\u00f3n importante sobre su salud, comunicarte con su equipo de atenci\u00f3n y&#8230;<br \/><a class=\"read_more\" href=\"https:\/\/svchc.org\/espanol\/my-chart-2\/\">Read More<\/a><\/p>\n","protected":false},"author":2,"featured_media":0,"parent":0,"menu_order":0,"comment_status":"closed","ping_status":"closed","template":"","meta":{"_acf_changed":false,"footnotes":""},"class_list":["post-1523","page","type-page","status-publish","hentry"],"acf":[],"yoast_head":"<!-- This site is optimized with the Yoast SEO plugin v27.4 - https:\/\/yoast.com\/product\/yoast-seo-wordpress\/ -->\n<title>My Chart - SVCHC<\/title>\n<meta name=\"robots\" content=\"index, follow, max-snippet:-1, max-image-preview:large, max-video-preview:-1\" \/>\n<link rel=\"canonical\" href=\"https:\/\/svchc.org\/espanol\/my-chart-2\/\" \/>\n<meta property=\"og:locale\" content=\"en_US\" \/>\n<meta property=\"og:type\" content=\"article\" \/>\n<meta property=\"og:title\" content=\"My Chart - SVCHC\" \/>\n<meta property=\"og:description\" content=\"MyChart es un portal seguro en l\u00ednea dise\u00f1ado para simplificar la gesti\u00f3n de su atenci\u00f3n m\u00e9dica. Ya sea desde casa o cuando est\u00e1 en movimiento, puede acceder a informaci\u00f3n importante sobre su salud, comunicarte con su equipo de atenci\u00f3n y...Read More\" \/>\n<meta property=\"og:url\" content=\"https:\/\/svchc.org\/espanol\/my-chart-2\/\" \/>\n<meta property=\"og:site_name\" content=\"SVCHC\" \/>\n<meta property=\"article:modified_time\" content=\"2025-05-22T17:15:38+00:00\" \/>\n<meta name=\"twitter:card\" content=\"summary_large_image\" \/>\n<meta name=\"twitter:label1\" content=\"Est. reading time\" \/>\n\t<meta name=\"twitter:data1\" content=\"2 minutes\" \/>\n<script type=\"application\/ld+json\" class=\"yoast-schema-graph\">{\"@context\":\"https:\\\/\\\/schema.org\",\"@graph\":[{\"@type\":\"WebPage\",\"@id\":\"https:\\\/\\\/svchc.org\\\/espanol\\\/my-chart-2\\\/\",\"url\":\"https:\\\/\\\/svchc.org\\\/espanol\\\/my-chart-2\\\/\",\"name\":\"My Chart - SVCHC\",\"isPartOf\":{\"@id\":\"https:\\\/\\\/svchc.org\\\/espanol\\\/#website\"},\"datePublished\":\"2023-11-29T21:21:42+00:00\",\"dateModified\":\"2025-05-22T17:15:38+00:00\",\"breadcrumb\":{\"@id\":\"https:\\\/\\\/svchc.org\\\/espanol\\\/my-chart-2\\\/#breadcrumb\"},\"inLanguage\":\"en-US\",\"potentialAction\":[{\"@type\":\"ReadAction\",\"target\":[\"https:\\\/\\\/svchc.org\\\/espanol\\\/my-chart-2\\\/\"]}]},{\"@type\":\"BreadcrumbList\",\"@id\":\"https:\\\/\\\/svchc.org\\\/espanol\\\/my-chart-2\\\/#breadcrumb\",\"itemListElement\":[{\"@type\":\"ListItem\",\"position\":1,\"name\":\"Home\",\"item\":\"https:\\\/\\\/svchc.org\\\/espanol\\\/\"},{\"@type\":\"ListItem\",\"position\":2,\"name\":\"My Chart\"}]},{\"@type\":\"WebSite\",\"@id\":\"https:\\\/\\\/svchc.org\\\/espanol\\\/#website\",\"url\":\"https:\\\/\\\/svchc.org\\\/espanol\\\/\",\"name\":\"SVCHC\",\"description\":\"\",\"potentialAction\":[{\"@type\":\"SearchAction\",\"target\":{\"@type\":\"EntryPoint\",\"urlTemplate\":\"https:\\\/\\\/svchc.org\\\/espanol\\\/?s={search_term_string}\"},\"query-input\":{\"@type\":\"PropertyValueSpecification\",\"valueRequired\":true,\"valueName\":\"search_term_string\"}}],\"inLanguage\":\"en-US\"}]}<\/script>\n<!-- \/ Yoast SEO plugin. -->","yoast_head_json":{"title":"My Chart - SVCHC","robots":{"index":"index","follow":"follow","max-snippet":"max-snippet:-1","max-image-preview":"max-image-preview:large","max-video-preview":"max-video-preview:-1"},"canonical":"https:\/\/svchc.org\/espanol\/my-chart-2\/","og_locale":"en_US","og_type":"article","og_title":"My Chart - SVCHC","og_description":"MyChart es un portal seguro en l\u00ednea dise\u00f1ado para simplificar la gesti\u00f3n de su atenci\u00f3n m\u00e9dica. Ya sea desde casa o cuando est\u00e1 en movimiento, puede acceder a informaci\u00f3n importante sobre su salud, comunicarte con su equipo de atenci\u00f3n y...Read More","og_url":"https:\/\/svchc.org\/espanol\/my-chart-2\/","og_site_name":"SVCHC","article_modified_time":"2025-05-22T17:15:38+00:00","twitter_card":"summary_large_image","twitter_misc":{"Est. reading time":"2 minutes"},"schema":{"@context":"https:\/\/schema.org","@graph":[{"@type":"WebPage","@id":"https:\/\/svchc.org\/espanol\/my-chart-2\/","url":"https:\/\/svchc.org\/espanol\/my-chart-2\/","name":"My Chart - SVCHC","isPartOf":{"@id":"https:\/\/svchc.org\/espanol\/#website"},"datePublished":"2023-11-29T21:21:42+00:00","dateModified":"2025-05-22T17:15:38+00:00","breadcrumb":{"@id":"https:\/\/svchc.org\/espanol\/my-chart-2\/#breadcrumb"},"inLanguage":"en-US","potentialAction":[{"@type":"ReadAction","target":["https:\/\/svchc.org\/espanol\/my-chart-2\/"]}]},{"@type":"BreadcrumbList","@id":"https:\/\/svchc.org\/espanol\/my-chart-2\/#breadcrumb","itemListElement":[{"@type":"ListItem","position":1,"name":"Home","item":"https:\/\/svchc.org\/espanol\/"},{"@type":"ListItem","position":2,"name":"My Chart"}]},{"@type":"WebSite","@id":"https:\/\/svchc.org\/espanol\/#website","url":"https:\/\/svchc.org\/espanol\/","name":"SVCHC","description":"","potentialAction":[{"@type":"SearchAction","target":{"@type":"EntryPoint","urlTemplate":"https:\/\/svchc.org\/espanol\/?s={search_term_string}"},"query-input":{"@type":"PropertyValueSpecification","valueRequired":true,"valueName":"search_term_string"}}],"inLanguage":"en-US"}]}},"_links":{"self":[{"href":"https:\/\/svchc.org\/espanol\/wp-json\/wp\/v2\/pages\/1523","targetHints":{"allow":["GET"]}}],"collection":[{"href":"https:\/\/svchc.org\/espanol\/wp-json\/wp\/v2\/pages"}],"about":[{"href":"https:\/\/svchc.org\/espanol\/wp-json\/wp\/v2\/types\/page"}],"author":[{"embeddable":true,"href":"https:\/\/svchc.org\/espanol\/wp-json\/wp\/v2\/users\/2"}],"replies":[{"embeddable":true,"href":"https:\/\/svchc.org\/espanol\/wp-json\/wp\/v2\/comments?post=1523"}],"version-history":[{"count":12,"href":"https:\/\/svchc.org\/espanol\/wp-json\/wp\/v2\/pages\/1523\/revisions"}],"predecessor-version":[{"id":2096,"href":"https:\/\/svchc.org\/espanol\/wp-json\/wp\/v2\/pages\/1523\/revisions\/2096"}],"wp:attachment":[{"href":"https:\/\/svchc.org\/espanol\/wp-json\/wp\/v2\/media?parent=1523"}],"curies":[{"name":"wp","href":"https:\/\/api.w.org\/{rel}","templated":true}]}}