{"id":1422,"date":"2023-05-02T19:20:18","date_gmt":"2023-05-02T19:20:18","guid":{"rendered":"https:\/\/svchc.org\/espanol\/?page_id=1422"},"modified":"2026-01-09T02:34:18","modified_gmt":"2026-01-09T02:34:18","slug":"feria-de-salud-regreso-a-clases","status":"publish","type":"page","link":"https:\/\/svchc.org\/espanol\/events\/feria-de-salud-regreso-a-clases\/","title":{"rendered":"Feria de Salud Regreso a Clases"},"content":{"rendered":"\n\t\t<!-- MasterSlider -->\n\t\t<div id=\"P_MS69e5a726b7a41\" class=\"master-slider-parent msl ms-parent-id-3\" style=\"max-width:800px;\">\n\n\t\t\t\n\t\t\t<!-- MasterSlider Main -->\n\t\t\t<div id=\"MS69e5a726b7a41\" class=\"master-slider ms-skin-default\" >\n\t\t\t\t \t\t\t\t \n\t\t\t\t<div  class=\"ms-slide\" data-delay=\"15\" data-fill-mode=\"fit\"  >\n\t\t\t\t\t<img decoding=\"async\" src=\"https:\/\/svchc.org\/espanol\/wp-content\/plugins\/master-slider\/public\/assets\/css\/blank.gif\" alt=\"\" title=\"\" data-src=\"https:\/\/svchc.org\/espanol\/wp-content\/uploads\/sites\/3\/2026\/01\/Screenshot-2026-01-08-190204.png\" \/>\n\n\n\t<div class=\"ms-thumb\" ><div class=\"ms-tab-context\"><div class=\"&quot;ms-tab-context&quot;\"><\/div><\/div>\n<\/div>\n\t\t\t\t<\/div>\n\t\t\t\t<div  class=\"ms-slide\" data-delay=\"15\" data-fill-mode=\"fit\"  >\n\t\t\t\t\t<img decoding=\"async\" src=\"https:\/\/svchc.org\/espanol\/wp-content\/plugins\/master-slider\/public\/assets\/css\/blank.gif\" alt=\"\" title=\"\" data-src=\"https:\/\/svchc.org\/espanol\/wp-content\/uploads\/sites\/3\/2026\/01\/Screenshot-2026-01-08-190204.png\" \/>\n\n\n\t<div class=\"ms-thumb\" ><div class=\"ms-tab-context\"><div class=\"&quot;ms-tab-context&quot;\"><\/div><\/div>\n<\/div>\n\t\t\t\t<\/div>\n\n\t\t\t<\/div>\n\t\t\t<!-- END MasterSlider Main -->\n\n\t\t\t \n\t\t<\/div>\n\t\t<!-- END MasterSlider -->\n\n\t\t<script>\n\t\t(function ( $ ) {\n\t\t\t\"use strict\";\n\n\t\t\t$(function () {\n\t\t\t\tvar masterslider_7a41 = new MasterSlider();\n\n\t\t\t\t\/\/ slider controls\n\t\t\t\tmasterslider_7a41.control('arrows'     ,{ autohide:false, overVideo:true  });\n\t\t\t\t\/\/ slider setup\n\t\t\t\tmasterslider_7a41.setup(\"MS69e5a726b7a41\", {\n\t\t\t\t\t\twidth           : 800,\n\t\t\t\t\t\theight          : 480,\n\t\t\t\t\t\tminHeight       : 0,\n\t\t\t\t\t\tspace           : 0,\n\t\t\t\t\t\tstart           : 1,\n\t\t\t\t\t\tgrabCursor      : true,\n\t\t\t\t\t\tswipe           : true,\n\t\t\t\t\t\tmouse           : true,\n\t\t\t\t\t\tlayout          : \"boxed\",\n\t\t\t\t\t\twheel           : false,\n\t\t\t\t\t\tautoplay        : true,\n\t\t\t\t\t\tinstantStartLayers:false,\n\t\t\t\t\t\tloop            : true,\n\t\t\t\t\t\tshuffle         : false,\n\t\t\t\t\t\tpreload         : 0,\n\t\t\t\t\t\theightLimit     : true,\n\t\t\t\t\t\tautoHeight      : false,\n\t\t\t\t\t\tsmoothHeight    : true,\n\t\t\t\t\t\tendPause        : false,\n\t\t\t\t\t\toverPause       : true,\n\t\t\t\t\t\tfillMode        : \"fill\",\n\t\t\t\t\t\tcenterControls  : true,\n\t\t\t\t\t\tstartOnAppear   : false,\n\t\t\t\t\t\tlayersMode      : \"center\",\n\t\t\t\t\t\thideLayers      : false,\n\t\t\t\t\t\tfullscreenMargin: 0,\n\t\t\t\t\t\tspeed           : 20,\n\t\t\t\t\t\tdir             : \"h\",\n\t\t\t\t\t\tparallaxMode    : 'swipe',\n\t\t\t\t\t\tview            : \"basic\"\n\t\t\t\t});\n\n\t\t\t\t\n\t\t\t\twindow.masterslider_instances = window.masterslider_instances || [];\n\t\t\t\twindow.masterslider_instances.push( masterslider_7a41 );\n\t\t\t });\n\n\t\t})(jQuery);\n\t\t<\/script>\n\n\n<h2 style=\"margin: 0 0 10px 0; text-align: center;\"><img loading=\"lazy\" decoding=\"async\" class=\"alignnone size-medium wp-image-2118\" src=\"https:\/\/svchc.org\/espanol\/wp-content\/uploads\/sites\/3\/2025\/06\/Screenshot-2025-06-05-103217-300x128.png\" alt=\"\" width=\"300\" height=\"128\" srcset=\"https:\/\/svchc.org\/espanol\/wp-content\/uploads\/sites\/3\/2025\/06\/Screenshot-2025-06-05-103217-300x128.png 300w, https:\/\/svchc.org\/espanol\/wp-content\/uploads\/sites\/3\/2025\/06\/Screenshot-2025-06-05-103217.png 554w\" sizes=\"auto, (max-width: 300px) 85vw, 300px\" \/><\/h2>\n<p><strong>\u00a1CELEBRANDO 10 A\u00d1OS \u2013 Sonoma Valley Back to School Health Fair 2025\u2026 y ahora rumbo al 2026!<\/strong><\/p>\n<p>Queremos agradecer a todas las personas que hicieron posible el \u00e9xito de la Feria de Regreso a Clases 2025: nuestros incre\u00edbles voluntarios, los dedicados miembros del comit\u00e9, los generosos patrocinadores y donantes, y todas las organizaciones que participaron con sus puestos informativos. Su apoyo hizo que esta celebraci\u00f3n de 10 a\u00f1os fuera verdaderamente especial.<\/p>\n<p>Mientras nos preparamos para la Feria de Regreso a Clases de Sonoma Valley 2026, nos entusiasma seguir construyendo sobre este importante logro. Durante m\u00e1s de una d\u00e9cada, este evento\u2014organizado por SVCHC y el Comit\u00e9 BTS\u2014ha reunido servicios de salud, actividades interactivas y socios comunitarios para ayudar a que los estudiantes locales comiencen el a\u00f1o escolar saludables, seguros y listos para prosperar.<\/p>\n<p><strong>Mesas de Informaci\u00f3n<\/strong> Estamos prepar\u00e1ndonos para recibir a otro grupo excepcional de organizaciones en la feria de 2026, con el registro de puestos abri\u00e9ndose a finales de la primavera. Se invitar\u00e1 nuevamente a los estudiantes y a sus acompa\u00f1antes a recorrer los puestos de recursos y completar su pasaporte del evento visitando al menos cuatro estaciones para recibir una mochila y \u00fatiles escolares. Para preguntas, comun\u00edquese al 707\u2011939\u20116070 ext. 212 o escriba a events@svchc.org.<\/p>\n<p><strong>Voluntarios<\/strong> Nada de esto ser\u00eda posible sin nuestros maravillosos voluntarios. Durante el \u00faltimo a\u00f1o, m\u00e1s de 100 miembros de la comunidad participaron\u2014ayudando a armar los kits de \u00fatiles escolares y apoyando el evento el d\u00eda de la feria. Mant\u00e9nganse atentos: las inscripciones para voluntarios de la feria de agosto de 2026 se abrir\u00e1n a finales de la primavera. La fecha exacta a\u00fan est\u00e1 por confirmarse, pero el evento se llevar\u00e1 a cabo antes del inicio del nuevo a\u00f1o escolar.<\/p>\n<p><strong>Recaudaci\u00f3n de Fondos<\/strong> para \u00datiles Escolares Nuestra meta para 2026 es recaudar fondos para m\u00e1s de 500 mochilas llenas de \u00fatiles esenciales para los estudiantes de Sonoma Valley. Cada donaci\u00f3n\u2014grande o peque\u00f1a\u2014ayuda a asegurar que los estudiantes comiencen el a\u00f1o escolar preparados y apoyados. Las contribuciones pueden hacerse a trav\u00e9s de Network for Good, por cheque o en persona en SVCHC, 19270 Sonoma Hwy., Sonoma, CA 95476.<\/p>\n<p><!-- start copy\/paste HTML - campaign button --><a href=\"https:\/\/donatenow.networkforgood.org\/sonomavalleykids\"><img decoding=\"async\" id=\"imgDonateButton\" src=\"https:\/\/assets.networkforgood.org\/dn2buttons\/DN2Button-BlueSmall.png\" alt=\"DonateNow\" border=\"0\" \/><\/a><!-- end copy\/paste HTML - campaign button --><\/p>\n<p>&nbsp;<\/p>\n<h3><span style=\"color: #1475f5;\"><strong>Informes Anuales<\/strong><\/span><br \/>\n\u00a1Mira los informes de BTS de los \u00faltimos 10 a\u00f1os!<\/h3>\n<ul class=\"bts-report-listing\"><li id=\"informe-de-regreso-a-clases-2025\" style=\"text-align: center; text-align: -webkit-center;\">\r\n\t\t<div>\r\n\t\t\t<h4 style=\"text-transform: uppercase;\">Informe de Regreso a Clases 2025<\/h4>\r\n\t\t\t<hr \/>\r\n\t\t\t<div><\/div>\r\n\t\t<\/div>\r\n\t\t<a href=\"https:\/\/svchc.org\/espanol\/wp-content\/uploads\/sites\/3\/2026\/01\/BTS-2025-Report.pdf\" id=\"informe-de-regreso-a-clases-2025\" target=\"_blank\" rel=\"noopener\">\r\n\t\t\t<div class=\"podcast-video-poster\">\r\n\t\t\t\t<div style=\"max-width: 250px;\" alt=\"Informe de Regreso a Clases 2025 PDF cover image\"><img loading=\"lazy\" decoding=\"async\" width=\"1088\" height=\"1408\" src=\"https:\/\/svchc.org\/espanol\/wp-content\/uploads\/sites\/3\/2026\/01\/BTS-2025-Report-pdf.jpg\" class=\"attachment-width size-width\" alt=\"\" \/><\/div>\r\n\t\t\t<\/div>\r\n\t\t<\/a>\r\n\t<\/li><li id=\"informe-de-regreso-a-clases-2024\" style=\"text-align: center; text-align: -webkit-center;\">\r\n\t\t<div>\r\n\t\t\t<h4 style=\"text-transform: uppercase;\">Informe de regreso a clases 2024<\/h4>\r\n\t\t\t<hr \/>\r\n\t\t\t<div><\/div>\r\n\t\t<\/div>\r\n\t\t<a href=\"https:\/\/svchc.org\/espanol\/wp-content\/uploads\/sites\/3\/2025\/06\/Final__-BTS-2024-Report.pdf\" id=\"informe-de-regreso-a-clases-2024\" target=\"_blank\" rel=\"noopener\">\r\n\t\t\t<div class=\"podcast-video-poster\">\r\n\t\t\t\t<div style=\"max-width: 250px;\" alt=\"Informe de regreso a clases 2024 PDF cover image\"><img loading=\"lazy\" decoding=\"async\" width=\"1088\" height=\"1408\" src=\"https:\/\/svchc.org\/espanol\/wp-content\/uploads\/sites\/3\/2025\/06\/Final__-BTS-2024-Report-pdf.jpg\" class=\"attachment-width size-width\" alt=\"\" \/><\/div>\r\n\t\t\t<\/div>\r\n\t\t<\/a>\r\n\t<\/li><li id=\"informe-de-regreso-a-clases-2023\" style=\"text-align: center; text-align: -webkit-center;\">\r\n\t\t<div>\r\n\t\t\t<h4 style=\"text-transform: uppercase;\">Informe de regreso a clases 2023<\/h4>\r\n\t\t\t<hr \/>\r\n\t\t\t<div><\/div>\r\n\t\t<\/div>\r\n\t\t<a href=\"https:\/\/svchc.org\/espanol\/wp-content\/uploads\/sites\/3\/2025\/06\/Final-BTS-2023.pdf\" id=\"informe-de-regreso-a-clases-2023\" target=\"_blank\" rel=\"noopener\">\r\n\t\t\t<div class=\"podcast-video-poster\">\r\n\t\t\t\t<div style=\"max-width: 250px;\" alt=\"Informe de regreso a clases 2023 PDF cover image\"><img loading=\"lazy\" decoding=\"async\" width=\"1088\" height=\"1408\" src=\"https:\/\/svchc.org\/espanol\/wp-content\/uploads\/sites\/3\/2025\/06\/Final-BTS-2023-pdf.jpg\" class=\"attachment-width size-width\" alt=\"\" \/><\/div>\r\n\t\t\t<\/div>\r\n\t\t<\/a>\r\n\t<\/li><li id=\"informe-de-regreso-a-clases-2022\" style=\"text-align: center; text-align: -webkit-center;\">\r\n\t\t<div>\r\n\t\t\t<h4 style=\"text-transform: uppercase;\">Informe de regreso a clases 2022<\/h4>\r\n\t\t\t<hr \/>\r\n\t\t\t<div><\/div>\r\n\t\t<\/div>\r\n\t\t<a href=\"https:\/\/svchc.org\/espanol\/wp-content\/uploads\/sites\/3\/2025\/06\/BTS-2022-Report.pdf\" id=\"informe-de-regreso-a-clases-2022\" target=\"_blank\" rel=\"noopener\">\r\n\t\t\t<div class=\"podcast-video-poster\">\r\n\t\t\t\t<div style=\"max-width: 250px;\" alt=\"Informe de regreso a clases 2022 PDF cover image\"><img loading=\"lazy\" decoding=\"async\" width=\"1088\" height=\"1408\" src=\"https:\/\/svchc.org\/espanol\/wp-content\/uploads\/sites\/3\/2025\/06\/BTS-2022-Report-pdf.jpg\" class=\"attachment-width size-width\" alt=\"\" \/><\/div>\r\n\t\t\t<\/div>\r\n\t\t<\/a>\r\n\t<\/li><li id=\"informe-de-regreso-a-clases-2021\" style=\"text-align: center; text-align: -webkit-center;\">\r\n\t\t<div>\r\n\t\t\t<h4 style=\"text-transform: uppercase;\">Informe de regreso a clases 2021<\/h4>\r\n\t\t\t<hr \/>\r\n\t\t\t<div><\/div>\r\n\t\t<\/div>\r\n\t\t<a href=\"https:\/\/svchc.org\/espanol\/wp-content\/uploads\/sites\/3\/2025\/06\/BTS-2021-Report-.pdf\" id=\"informe-de-regreso-a-clases-2021\" target=\"_blank\" rel=\"noopener\">\r\n\t\t\t<div class=\"podcast-video-poster\">\r\n\t\t\t\t<div style=\"max-width: 250px;\" alt=\"Informe de regreso a clases 2021 PDF cover image\"><img loading=\"lazy\" decoding=\"async\" width=\"1088\" height=\"1408\" src=\"https:\/\/svchc.org\/espanol\/wp-content\/uploads\/sites\/3\/2025\/06\/BTS-2021-Report-pdf.jpg\" class=\"attachment-width size-width\" alt=\"\" \/><\/div>\r\n\t\t\t<\/div>\r\n\t\t<\/a>\r\n\t<\/li><li id=\"informe-de-regreso-a-clases-2019\" style=\"text-align: center; text-align: -webkit-center;\">\r\n\t\t<div>\r\n\t\t\t<h4 style=\"text-transform: uppercase;\">Informe de regreso a clases 2019<\/h4>\r\n\t\t\t<hr \/>\r\n\t\t\t<div><\/div>\r\n\t\t<\/div>\r\n\t\t<a href=\"https:\/\/svchc.org\/espanol\/wp-content\/uploads\/sites\/3\/2025\/06\/BTS-2019-Report.pdf\" id=\"informe-de-regreso-a-clases-2019\" target=\"_blank\" rel=\"noopener\">\r\n\t\t\t<div class=\"podcast-video-poster\">\r\n\t\t\t\t<div style=\"max-width: 250px;\" alt=\"Informe de regreso a clases 2019 PDF cover image\"><img loading=\"lazy\" decoding=\"async\" width=\"1088\" height=\"1408\" src=\"https:\/\/svchc.org\/espanol\/wp-content\/uploads\/sites\/3\/2025\/06\/BTS-2019-Report-pdf.jpg\" class=\"attachment-width size-width\" alt=\"\" \/><\/div>\r\n\t\t\t<\/div>\r\n\t\t<\/a>\r\n\t<\/li><li id=\"informe-de-regreso-a-clases-2018\" style=\"text-align: center; text-align: -webkit-center;\">\r\n\t\t<div>\r\n\t\t\t<h4 style=\"text-transform: uppercase;\">Informe de regreso a clases 2018<\/h4>\r\n\t\t\t<hr \/>\r\n\t\t\t<div><\/div>\r\n\t\t<\/div>\r\n\t\t<a href=\"https:\/\/svchc.org\/espanol\/wp-content\/uploads\/sites\/3\/2025\/06\/BTS-2018-Report-.pdf\" id=\"informe-de-regreso-a-clases-2018\" target=\"_blank\" rel=\"noopener\">\r\n\t\t\t<div class=\"podcast-video-poster\">\r\n\t\t\t\t<div style=\"max-width: 250px;\" alt=\"Informe de regreso a clases 2018 PDF cover image\"><img loading=\"lazy\" decoding=\"async\" width=\"1088\" height=\"1408\" src=\"https:\/\/svchc.org\/espanol\/wp-content\/uploads\/sites\/3\/2025\/06\/BTS-2018-Report-pdf.jpg\" class=\"attachment-width size-width\" alt=\"\" \/><\/div>\r\n\t\t\t<\/div>\r\n\t\t<\/a>\r\n\t<\/li><li id=\"informe-de-regreso-a-clases-2017\" style=\"text-align: center; text-align: -webkit-center;\">\r\n\t\t<div>\r\n\t\t\t<h4 style=\"text-transform: uppercase;\">Informe de regreso a clases 2017<\/h4>\r\n\t\t\t<hr \/>\r\n\t\t\t<div><\/div>\r\n\t\t<\/div>\r\n\t\t<a href=\"https:\/\/svchc.org\/espanol\/wp-content\/uploads\/sites\/3\/2025\/06\/BTS-2017-Report.pdf\" id=\"informe-de-regreso-a-clases-2017\" target=\"_blank\" rel=\"noopener\">\r\n\t\t\t<div class=\"podcast-video-poster\">\r\n\t\t\t\t<div style=\"max-width: 250px;\" alt=\"Informe de regreso a clases 2017 PDF cover image\"><img loading=\"lazy\" decoding=\"async\" width=\"1088\" height=\"1408\" src=\"https:\/\/svchc.org\/espanol\/wp-content\/uploads\/sites\/3\/2025\/06\/BTS-2017-Report-pdf.jpg\" class=\"attachment-width size-width\" alt=\"\" \/><\/div>\r\n\t\t\t<\/div>\r\n\t\t<\/a>\r\n\t<\/li><li id=\"informe-de-regreso-a-clases-2016\" style=\"text-align: center; text-align: -webkit-center;\">\r\n\t\t<div>\r\n\t\t\t<h4 style=\"text-transform: uppercase;\">Informe de regreso a clases 2016<\/h4>\r\n\t\t\t<hr \/>\r\n\t\t\t<div><\/div>\r\n\t\t<\/div>\r\n\t\t<a href=\"https:\/\/svchc.org\/espanol\/wp-content\/uploads\/sites\/3\/2025\/06\/BTS-2016-Report.pdf\" id=\"informe-de-regreso-a-clases-2016\" target=\"_blank\" rel=\"noopener\">\r\n\t\t\t<div class=\"podcast-video-poster\">\r\n\t\t\t\t<div style=\"max-width: 250px;\" alt=\"Informe de regreso a clases 2016 PDF cover image\"><img loading=\"lazy\" decoding=\"async\" width=\"1088\" height=\"1408\" src=\"https:\/\/svchc.org\/espanol\/wp-content\/uploads\/sites\/3\/2025\/06\/BTS-2016-Report-pdf.jpg\" class=\"attachment-width size-width\" alt=\"\" \/><\/div>\r\n\t\t\t<\/div>\r\n\t\t<\/a>\r\n\t<\/li><\/ul>\n<p><strong><\/p>\n<p><\/strong><\/p>\n","protected":false},"excerpt":{"rendered":"<p>\u00a1CELEBRANDO 10 A\u00d1OS \u2013 Sonoma Valley Back to School Health Fair 2025\u2026 y ahora rumbo al 2026! Queremos agradecer a todas las personas que hicieron posible el \u00e9xito de la Feria de Regreso a Clases 2025: nuestros incre\u00edbles voluntarios, los&#8230;<br \/><a class=\"read_more\" href=\"https:\/\/svchc.org\/espanol\/events\/feria-de-salud-regreso-a-clases\/\">Read More<\/a><\/p>\n","protected":false},"author":2,"featured_media":0,"parent":185,"menu_order":2,"comment_status":"closed","ping_status":"closed","template":"","meta":{"_acf_changed":false,"footnotes":""},"class_list":["post-1422","page","type-page","status-publish","hentry"],"acf":[],"yoast_head":"<!-- This site is optimized with the Yoast SEO plugin v27.4 - https:\/\/yoast.com\/product\/yoast-seo-wordpress\/ -->\n<title>Feria de Salud Regreso a Clases - SVCHC<\/title>\n<meta name=\"robots\" content=\"index, follow, max-snippet:-1, max-image-preview:large, max-video-preview:-1\" \/>\n<link rel=\"canonical\" href=\"https:\/\/svchc.org\/espanol\/events\/feria-de-salud-regreso-a-clases\/\" \/>\n<meta property=\"og:locale\" content=\"en_US\" \/>\n<meta property=\"og:type\" content=\"article\" \/>\n<meta property=\"og:title\" content=\"Feria de Salud Regreso a Clases - SVCHC\" \/>\n<meta property=\"og:description\" content=\"\u00a1CELEBRANDO 10 A\u00d1OS \u2013 Sonoma Valley Back to School Health Fair 2025\u2026 y ahora rumbo al 2026! Queremos agradecer a todas las personas que hicieron posible el \u00e9xito de la Feria de Regreso a Clases 2025: nuestros incre\u00edbles voluntarios, los...Read More\" \/>\n<meta property=\"og:url\" content=\"https:\/\/svchc.org\/espanol\/events\/feria-de-salud-regreso-a-clases\/\" \/>\n<meta property=\"og:site_name\" content=\"SVCHC\" \/>\n<meta property=\"article:modified_time\" content=\"2026-01-09T02:34:18+00:00\" \/>\n<meta property=\"og:image\" content=\"https:\/\/svchc.org\/espanol\/wp-content\/uploads\/sites\/3\/2025\/06\/Screenshot-2025-06-05-103217-300x128.png\" \/>\n<meta name=\"twitter:card\" content=\"summary_large_image\" \/>\n<meta name=\"twitter:label1\" content=\"Est. reading time\" \/>\n\t<meta name=\"twitter:data1\" content=\"3 minutes\" \/>\n<script type=\"application\/ld+json\" class=\"yoast-schema-graph\">{\"@context\":\"https:\\\/\\\/schema.org\",\"@graph\":[{\"@type\":\"WebPage\",\"@id\":\"https:\\\/\\\/svchc.org\\\/espanol\\\/events\\\/feria-de-salud-regreso-a-clases\\\/\",\"url\":\"https:\\\/\\\/svchc.org\\\/espanol\\\/events\\\/feria-de-salud-regreso-a-clases\\\/\",\"name\":\"Feria de Salud Regreso a Clases - SVCHC\",\"isPartOf\":{\"@id\":\"https:\\\/\\\/svchc.org\\\/espanol\\\/#website\"},\"primaryImageOfPage\":{\"@id\":\"https:\\\/\\\/svchc.org\\\/espanol\\\/events\\\/feria-de-salud-regreso-a-clases\\\/#primaryimage\"},\"image\":{\"@id\":\"https:\\\/\\\/svchc.org\\\/espanol\\\/events\\\/feria-de-salud-regreso-a-clases\\\/#primaryimage\"},\"thumbnailUrl\":\"https:\\\/\\\/svchc.org\\\/espanol\\\/wp-content\\\/uploads\\\/sites\\\/3\\\/2025\\\/06\\\/Screenshot-2025-06-05-103217-300x128.png\",\"datePublished\":\"2023-05-02T19:20:18+00:00\",\"dateModified\":\"2026-01-09T02:34:18+00:00\",\"breadcrumb\":{\"@id\":\"https:\\\/\\\/svchc.org\\\/espanol\\\/events\\\/feria-de-salud-regreso-a-clases\\\/#breadcrumb\"},\"inLanguage\":\"en-US\",\"potentialAction\":[{\"@type\":\"ReadAction\",\"target\":[\"https:\\\/\\\/svchc.org\\\/espanol\\\/events\\\/feria-de-salud-regreso-a-clases\\\/\"]}]},{\"@type\":\"ImageObject\",\"inLanguage\":\"en-US\",\"@id\":\"https:\\\/\\\/svchc.org\\\/espanol\\\/events\\\/feria-de-salud-regreso-a-clases\\\/#primaryimage\",\"url\":\"https:\\\/\\\/svchc.org\\\/espanol\\\/wp-content\\\/uploads\\\/sites\\\/3\\\/2025\\\/06\\\/Screenshot-2025-06-05-103217.png\",\"contentUrl\":\"https:\\\/\\\/svchc.org\\\/espanol\\\/wp-content\\\/uploads\\\/sites\\\/3\\\/2025\\\/06\\\/Screenshot-2025-06-05-103217.png\",\"width\":554,\"height\":237},{\"@type\":\"BreadcrumbList\",\"@id\":\"https:\\\/\\\/svchc.org\\\/espanol\\\/events\\\/feria-de-salud-regreso-a-clases\\\/#breadcrumb\",\"itemListElement\":[{\"@type\":\"ListItem\",\"position\":1,\"name\":\"Home\",\"item\":\"https:\\\/\\\/svchc.org\\\/espanol\\\/\"},{\"@type\":\"ListItem\",\"position\":2,\"name\":\"Eventos\",\"item\":\"https:\\\/\\\/svchc.org\\\/espanol\\\/events\\\/\"},{\"@type\":\"ListItem\",\"position\":3,\"name\":\"Feria de Salud Regreso a Clases\"}]},{\"@type\":\"WebSite\",\"@id\":\"https:\\\/\\\/svchc.org\\\/espanol\\\/#website\",\"url\":\"https:\\\/\\\/svchc.org\\\/espanol\\\/\",\"name\":\"SVCHC\",\"description\":\"\",\"potentialAction\":[{\"@type\":\"SearchAction\",\"target\":{\"@type\":\"EntryPoint\",\"urlTemplate\":\"https:\\\/\\\/svchc.org\\\/espanol\\\/?s={search_term_string}\"},\"query-input\":{\"@type\":\"PropertyValueSpecification\",\"valueRequired\":true,\"valueName\":\"search_term_string\"}}],\"inLanguage\":\"en-US\"}]}<\/script>\n<!-- \/ Yoast SEO plugin. -->","yoast_head_json":{"title":"Feria de Salud Regreso a Clases - SVCHC","robots":{"index":"index","follow":"follow","max-snippet":"max-snippet:-1","max-image-preview":"max-image-preview:large","max-video-preview":"max-video-preview:-1"},"canonical":"https:\/\/svchc.org\/espanol\/events\/feria-de-salud-regreso-a-clases\/","og_locale":"en_US","og_type":"article","og_title":"Feria de Salud Regreso a Clases - SVCHC","og_description":"\u00a1CELEBRANDO 10 A\u00d1OS \u2013 Sonoma Valley Back to School Health Fair 2025\u2026 y ahora rumbo al 2026! Queremos agradecer a todas las personas que hicieron posible el \u00e9xito de la Feria de Regreso a Clases 2025: nuestros incre\u00edbles voluntarios, los...Read More","og_url":"https:\/\/svchc.org\/espanol\/events\/feria-de-salud-regreso-a-clases\/","og_site_name":"SVCHC","article_modified_time":"2026-01-09T02:34:18+00:00","og_image":[{"url":"https:\/\/svchc.org\/espanol\/wp-content\/uploads\/sites\/3\/2025\/06\/Screenshot-2025-06-05-103217-300x128.png","type":"","width":"","height":""}],"twitter_card":"summary_large_image","twitter_misc":{"Est. reading time":"3 minutes"},"schema":{"@context":"https:\/\/schema.org","@graph":[{"@type":"WebPage","@id":"https:\/\/svchc.org\/espanol\/events\/feria-de-salud-regreso-a-clases\/","url":"https:\/\/svchc.org\/espanol\/events\/feria-de-salud-regreso-a-clases\/","name":"Feria de Salud Regreso a Clases - SVCHC","isPartOf":{"@id":"https:\/\/svchc.org\/espanol\/#website"},"primaryImageOfPage":{"@id":"https:\/\/svchc.org\/espanol\/events\/feria-de-salud-regreso-a-clases\/#primaryimage"},"image":{"@id":"https:\/\/svchc.org\/espanol\/events\/feria-de-salud-regreso-a-clases\/#primaryimage"},"thumbnailUrl":"https:\/\/svchc.org\/espanol\/wp-content\/uploads\/sites\/3\/2025\/06\/Screenshot-2025-06-05-103217-300x128.png","datePublished":"2023-05-02T19:20:18+00:00","dateModified":"2026-01-09T02:34:18+00:00","breadcrumb":{"@id":"https:\/\/svchc.org\/espanol\/events\/feria-de-salud-regreso-a-clases\/#breadcrumb"},"inLanguage":"en-US","potentialAction":[{"@type":"ReadAction","target":["https:\/\/svchc.org\/espanol\/events\/feria-de-salud-regreso-a-clases\/"]}]},{"@type":"ImageObject","inLanguage":"en-US","@id":"https:\/\/svchc.org\/espanol\/events\/feria-de-salud-regreso-a-clases\/#primaryimage","url":"https:\/\/svchc.org\/espanol\/wp-content\/uploads\/sites\/3\/2025\/06\/Screenshot-2025-06-05-103217.png","contentUrl":"https:\/\/svchc.org\/espanol\/wp-content\/uploads\/sites\/3\/2025\/06\/Screenshot-2025-06-05-103217.png","width":554,"height":237},{"@type":"BreadcrumbList","@id":"https:\/\/svchc.org\/espanol\/events\/feria-de-salud-regreso-a-clases\/#breadcrumb","itemListElement":[{"@type":"ListItem","position":1,"name":"Home","item":"https:\/\/svchc.org\/espanol\/"},{"@type":"ListItem","position":2,"name":"Eventos","item":"https:\/\/svchc.org\/espanol\/events\/"},{"@type":"ListItem","position":3,"name":"Feria de Salud Regreso a Clases"}]},{"@type":"WebSite","@id":"https:\/\/svchc.org\/espanol\/#website","url":"https:\/\/svchc.org\/espanol\/","name":"SVCHC","description":"","potentialAction":[{"@type":"SearchAction","target":{"@type":"EntryPoint","urlTemplate":"https:\/\/svchc.org\/espanol\/?s={search_term_string}"},"query-input":{"@type":"PropertyValueSpecification","valueRequired":true,"valueName":"search_term_string"}}],"inLanguage":"en-US"}]}},"_links":{"self":[{"href":"https:\/\/svchc.org\/espanol\/wp-json\/wp\/v2\/pages\/1422","targetHints":{"allow":["GET"]}}],"collection":[{"href":"https:\/\/svchc.org\/espanol\/wp-json\/wp\/v2\/pages"}],"about":[{"href":"https:\/\/svchc.org\/espanol\/wp-json\/wp\/v2\/types\/page"}],"author":[{"embeddable":true,"href":"https:\/\/svchc.org\/espanol\/wp-json\/wp\/v2\/users\/2"}],"replies":[{"embeddable":true,"href":"https:\/\/svchc.org\/espanol\/wp-json\/wp\/v2\/comments?post=1422"}],"version-history":[{"count":55,"href":"https:\/\/svchc.org\/espanol\/wp-json\/wp\/v2\/pages\/1422\/revisions"}],"predecessor-version":[{"id":2286,"href":"https:\/\/svchc.org\/espanol\/wp-json\/wp\/v2\/pages\/1422\/revisions\/2286"}],"up":[{"embeddable":true,"href":"https:\/\/svchc.org\/espanol\/wp-json\/wp\/v2\/pages\/185"}],"wp:attachment":[{"href":"https:\/\/svchc.org\/espanol\/wp-json\/wp\/v2\/media?parent=1422"}],"curies":[{"name":"wp","href":"https:\/\/api.w.org\/{rel}","templated":true}]}}